{"id":1879,"date":"2022-07-11T16:38:08","date_gmt":"2022-07-11T19:38:08","guid":{"rendered":"https:\/\/repositoriododireito.ufn.edu.br\/?page_id=1879"},"modified":"2022-07-15T14:28:34","modified_gmt":"2022-07-15T17:28:34","slug":"obras-juridicas","status":"publish","type":"page","link":"https:\/\/repositoriododireito.ufn.edu.br\/?page_id=1879","title":{"rendered":"Obras Jur\u00eddicas"},"content":{"rendered":"\n<p><strong>Cat\u00e1logo de obras jur\u00eddicas acesso aberto (acesso livre) disponibilizadas online e sem limita\u00e7\u00f5es dos resultados de investiga\u00e7\u00e3o cient\u00edfica.<\/strong><\/p>\n\n\n\n<h4 class=\"wp-block-heading\"><strong><a href=\"https:\/\/www.editorafi.org\/\">Editora Fi<\/a><\/strong><\/h4>\n\n\n\n<h4 class=\"wp-block-heading\"><strong><a href=\"https:\/\/www.oab.org.br\/biblioteca-digital\/publicacoes\">Biblioteca Digital da OAB<\/a><\/strong><\/h4>\n\n\n\n<h4 class=\"wp-block-heading\"><strong><a href=\"http:\/\/www.buscaintegrada.usp.br\/primo_library\/libweb\/action\/search.do\">Portal de busca integrada USP<\/a><\/strong><\/h4>\n\n\n\n<h4 class=\"wp-block-heading\"><strong><a href=\"https:\/\/www.bbm.usp.br\/pt-br\/\">Biblioteca Brasiliana<\/a><\/strong><\/h4>\n\n\n\n<h4 class=\"wp-block-heading\"><strong><a href=\"http:\/\/www.dominiopublico.gov.br\/pesquisa\/PesquisaObraForm.jsp\">Dom\u00ednio P\u00fablico<\/a><\/strong><\/h4>\n\n\n\n<h4 class=\"wp-block-heading\"><strong><a href=\"http:\/\/www.bibliotecadigital.unicamp.br\/\">Biblioteca Digital da Unicamp<\/a><\/strong><\/h4>\n\n\n\n<h4 class=\"wp-block-heading\"><strong><a href=\"https:\/\/www.brasilcon.org\/rdc\">Revista de Direito do Consumidor<\/a><\/strong><\/h4>\n\n\n\n<h4 class=\"wp-block-heading\"><strong><a href=\"https:\/\/www.atenaeditora.com.br\/\">A editora Atena<\/a> (possui acesso gratu\u00edto a todo se acervo)<\/strong><\/h4>\n\n\n\n<h4 class=\"wp-block-heading\"><strong><a href=\"https:\/\/www.sciencedirect.com\/\">Science Direct<\/a> (site que compila diversos artigos cient\u00edficos internacionais)<\/strong><\/h4>\n\n\n\n<h4 class=\"wp-block-heading\"><strong><a href=\"https:\/\/pergamum.ufn.edu.br\/pergamum\/biblioteca\/pesquisa_avancada.php\">Biblioteca Digital da UFN<\/a> (acesso pelo agenda<\/strong>)<\/h4>\n\n\n\n<p><\/p>\n","protected":false},"excerpt":{"rendered":"<p>Cat\u00e1logo de obras jur\u00eddicas acesso aberto (acesso livre) disponibilizadas online e sem limita\u00e7\u00f5es dos resultados de investiga\u00e7\u00e3o cient\u00edfica. Editora Fi Biblioteca Digital da OAB Portal de busca integrada USP Biblioteca Brasiliana Dom\u00ednio P\u00fablico Biblioteca Digital da Unicamp Revista de Direito do Consumidor A editora Atena (possui acesso gratu\u00edto a todo se acervo) Science Direct (site&hellip; <a href=\"https:\/\/repositoriododireito.ufn.edu.br\/?page_id=1879\" class=\"more-link\">Continuar lendo <span class=\"screen-reader-text\">Obras Jur\u00eddicas<\/span><\/a><\/p>\n","protected":false},"author":3,"featured_media":0,"parent":0,"menu_order":0,"comment_status":"closed","ping_status":"closed","template":"","meta":{"footnotes":""},"tags":[],"class_list":["post-1879","page","type-page","status-publish","hentry","without-featured-image"],"jetpack_sharing_enabled":true,"_links":{"self":[{"href":"https:\/\/repositoriododireito.ufn.edu.br\/index.php?rest_route=\/wp\/v2\/pages\/1879","targetHints":{"allow":["GET"]}}],"collection":[{"href":"https:\/\/repositoriododireito.ufn.edu.br\/index.php?rest_route=\/wp\/v2\/pages"}],"about":[{"href":"https:\/\/repositoriododireito.ufn.edu.br\/index.php?rest_route=\/wp\/v2\/types\/page"}],"author":[{"embeddable":true,"href":"https:\/\/repositoriododireito.ufn.edu.br\/index.php?rest_route=\/wp\/v2\/users\/3"}],"replies":[{"embeddable":true,"href":"https:\/\/repositoriododireito.ufn.edu.br\/index.php?rest_route=%2Fwp%2Fv2%2Fcomments&post=1879"}],"version-history":[{"count":4,"href":"https:\/\/repositoriododireito.ufn.edu.br\/index.php?rest_route=\/wp\/v2\/pages\/1879\/revisions"}],"predecessor-version":[{"id":1890,"href":"https:\/\/repositoriododireito.ufn.edu.br\/index.php?rest_route=\/wp\/v2\/pages\/1879\/revisions\/1890"}],"wp:attachment":[{"href":"https:\/\/repositoriododireito.ufn.edu.br\/index.php?rest_route=%2Fwp%2Fv2%2Fmedia&parent=1879"}],"wp:term":[{"taxonomy":"post_tag","embeddable":true,"href":"https:\/\/repositoriododireito.ufn.edu.br\/index.php?rest_route=%2Fwp%2Fv2%2Ftags&post=1879"}],"curies":[{"name":"wp","href":"https:\/\/api.w.org\/{rel}","templated":true}]}}