{"id":190,"date":"2019-08-19T18:41:50","date_gmt":"2019-08-19T21:41:50","guid":{"rendered":"https:\/\/observatoriododireito.ufn.edu.br\/?page_id=190"},"modified":"2025-12-10T11:17:39","modified_gmt":"2025-12-10T14:17:39","slug":"programa-o-tema-e-direito","status":"publish","type":"page","link":"https:\/\/repositoriododireito.ufn.edu.br\/?page_id=190","title":{"rendered":"Programa &#8220;O tema \u00e9 Direito&#8221;"},"content":{"rendered":"\n<ul class=\"wp-block-social-links is-layout-flex wp-block-social-links-is-layout-flex\"><li class=\"wp-social-link wp-social-link-youtube  wp-block-social-link\"><a href=\"https:\/\/youtube.com\/@ufntv?si=zKfJxY4cUXNWWfFq\" class=\"wp-block-social-link-anchor\"><svg width=\"24\" height=\"24\" viewBox=\"0 0 24 24\" version=\"1.1\" xmlns=\"http:\/\/www.w3.org\/2000\/svg\" aria-hidden=\"true\" focusable=\"false\"><path d=\"M21.8,8.001c0,0-0.195-1.378-0.795-1.985c-0.76-0.797-1.613-0.801-2.004-0.847c-2.799-0.202-6.997-0.202-6.997-0.202 h-0.009c0,0-4.198,0-6.997,0.202C4.608,5.216,3.756,5.22,2.995,6.016C2.395,6.623,2.2,8.001,2.2,8.001S2,9.62,2,11.238v1.517 c0,1.618,0.2,3.237,0.2,3.237s0.195,1.378,0.795,1.985c0.761,0.797,1.76,0.771,2.205,0.855c1.6,0.153,6.8,0.201,6.8,0.201 s4.203-0.006,7.001-0.209c0.391-0.047,1.243-0.051,2.004-0.847c0.6-0.607,0.795-1.985,0.795-1.985s0.2-1.618,0.2-3.237v-1.517 C22,9.62,21.8,8.001,21.8,8.001z M9.935,14.594l-0.001-5.62l5.404,2.82L9.935,14.594z\"><\/path><\/svg><span class=\"wp-block-social-link-label screen-reader-text\">Youtube<\/span><\/a><\/li><\/ul>\n\n\n\n<p class=\"has-black-color has-text-color has-medium-font-size\"><strong>O TEMA \u00c9 DIREITO<\/strong> \u00e9 um Programa televisivo vinculado ao Curso de Direito da Universidade Franciscana. Vai ao ar semanalmente pela TV aberta (TV Cultura), a cabo (Canal 15 da NET TV) e em canal espec\u00edfico do Youtube.<\/p>\n\n\n\n<p class=\"has-black-color has-text-color has-medium-font-size\">O Programa tem o objetivo de fomentar o enfrentamento e o esclarecimento de temas jur\u00eddicos atuais, com foco na constitucionaliza\u00e7\u00e3o do direito, em todas as suas dimens\u00f5es. Foi criado no ano de 2012 e at\u00e9 o ano de 2015 foi apresentado pelo Professor S\u00e9rgio Miguel Achutti Blattes, que deixou a UFN para assumir a cadeira de Desembargador do Tribunal de Justi\u00e7a do Estado do Rio Grande do Sul. Ap\u00f3s o ano de 2015, o Programa passou a ser apresentado pelo Coordenador do Curso de Direito, Professor Cristiano Becker Isaia.<\/p>\n\n\n\n<p class=\"has-black-color has-text-color has-medium-font-size\">Em dez anos de hist\u00f3ria o Programa foi gravado mais de 250 vezes, tendo como convidados Ju\u00edzes, Promotores de Justi\u00e7a, Delegados de Pol\u00edcia, Advogados, Professores, Acad\u00eamicos do Curso de Direito da UFN, etc. Destacaram-se ao longo destes dez anos as entrevistas realizadas com profissionais da \u00e1rea jur\u00eddica, em especial com a Ju\u00edza de Direito Andr\u00e9ia Momolli, que tratou do tema <a href=\"https:\/\/www.youtube.com\/watch?v=9XRlF7PrKxw&amp;list=PLCC5782AB9672F8C5&amp;index=52\"><strong>\u201cuso da intelig\u00eancia artificial artificial nas decis\u00f5es judiciais\u201d<\/strong><\/a> com o Procurador Federal Milton Guilherme de Almeida Pfitcher, que tratou do tema <a href=\"https:\/\/www.youtube.com\/watch?v=P_s89El8X0w&amp;list=PLCC5782AB9672F8C5&amp;index=73\"><strong>\u201cAdvocacia p\u00fablica federal: do consultivo ao contencioso\u201d<\/strong><\/a>, com o Advogado Darci Guimar\u00e3es Ribeiro, que tratou do tema <strong>\u201c<a href=\"https:\/\/www.youtube.com\/watch?v=G6CzSrr8zYU&amp;list=PLCC5782AB9672F8C5&amp;index=12\">Direito e tecnologia\u201d<\/a><\/strong>, com o Procurador do Trabalho Alexandre Marin Ragagnin, que tratou do tema <a href=\"https:\/\/www.youtube.com\/watch?v=LQrHWEMufAo&amp;list=PLCC5782AB9672F8C5&amp;index=71\"><strong>\u201ca atua\u00e7\u00e3o do Minist\u00e9rio P\u00fablico do Trabalho em Santa Maria\u201d<\/strong><\/a> e com o Delegado de Pol\u00edcia Sandro Meinerz, que tratou do tema <a href=\"https:\/\/www.youtube.com\/watch?v=lyzEvQMybR4&amp;list=PLCC5782AB9672F8C5&amp;index=29\"><strong>\u201ccrimes virtuais\u201d<\/strong><\/a>.<\/p>\n\n\n\n<p class=\"has-black-color has-text-color has-medium-font-size\">O Programa, diante disso, vem se revelando um importante canal extensionista vinculado ao Curso de Direito da UFN, tendo uma receptividade extremamente significativa perante a comunidade, o que se pode constatar pelos dados quantitativos de audi\u00eancia (s\u00e3o quase 6.000 vizualia\u00e7\u00f5es apenas no canal Youtube).<\/p>\n\n\n\n<p><a href=\"https:\/\/www.youtube.com\/playlist?list=PLCC5782AB9672F8C5\"><strong>Clique aqui para acessar a playlist com todos os programas j\u00e1 gravados.<\/strong><\/a><\/p>\n\n\n\n<figure class=\"wp-block-image size-large\"><img loading=\"lazy\" decoding=\"async\" width=\"1024\" height=\"499\" src=\"https:\/\/repositoriododireito.ufn.edu.br\/wp-content\/uploads\/2022\/06\/lab-1024x499.png\" alt=\"\" class=\"wp-image-1740\" srcset=\"https:\/\/repositoriododireito.ufn.edu.br\/wp-content\/uploads\/2022\/06\/lab-1024x499.png 1024w, https:\/\/repositoriododireito.ufn.edu.br\/wp-content\/uploads\/2022\/06\/lab-300x146.png 300w, https:\/\/repositoriododireito.ufn.edu.br\/wp-content\/uploads\/2022\/06\/lab-768x374.png 768w, https:\/\/repositoriododireito.ufn.edu.br\/wp-content\/uploads\/2022\/06\/lab.png 1116w\" sizes=\"auto, (max-width: 1024px) 100vw, 1024px\" \/><\/figure>\n","protected":false},"excerpt":{"rendered":"<p>O TEMA \u00c9 DIREITO \u00e9 um Programa televisivo vinculado ao Curso de Direito da Universidade Franciscana. Vai ao ar semanalmente pela TV aberta (TV Cultura), a cabo (Canal 15 da NET TV) e em canal espec\u00edfico do Youtube. O Programa tem o objetivo de fomentar o enfrentamento e o esclarecimento de temas jur\u00eddicos atuais, com&hellip; <a href=\"https:\/\/repositoriododireito.ufn.edu.br\/?page_id=190\" class=\"more-link\">Continuar lendo <span class=\"screen-reader-text\">Programa &#8220;O tema \u00e9 Direito&#8221;<\/span><\/a><\/p>\n","protected":false},"author":3,"featured_media":0,"parent":0,"menu_order":0,"comment_status":"closed","ping_status":"closed","template":"","meta":{"footnotes":""},"tags":[],"class_list":["post-190","page","type-page","status-publish","hentry","without-featured-image"],"jetpack_sharing_enabled":true,"_links":{"self":[{"href":"https:\/\/repositoriododireito.ufn.edu.br\/index.php?rest_route=\/wp\/v2\/pages\/190","targetHints":{"allow":["GET"]}}],"collection":[{"href":"https:\/\/repositoriododireito.ufn.edu.br\/index.php?rest_route=\/wp\/v2\/pages"}],"about":[{"href":"https:\/\/repositoriododireito.ufn.edu.br\/index.php?rest_route=\/wp\/v2\/types\/page"}],"author":[{"embeddable":true,"href":"https:\/\/repositoriododireito.ufn.edu.br\/index.php?rest_route=\/wp\/v2\/users\/3"}],"replies":[{"embeddable":true,"href":"https:\/\/repositoriododireito.ufn.edu.br\/index.php?rest_route=%2Fwp%2Fv2%2Fcomments&post=190"}],"version-history":[{"count":16,"href":"https:\/\/repositoriododireito.ufn.edu.br\/index.php?rest_route=\/wp\/v2\/pages\/190\/revisions"}],"predecessor-version":[{"id":2891,"href":"https:\/\/repositoriododireito.ufn.edu.br\/index.php?rest_route=\/wp\/v2\/pages\/190\/revisions\/2891"}],"wp:attachment":[{"href":"https:\/\/repositoriododireito.ufn.edu.br\/index.php?rest_route=%2Fwp%2Fv2%2Fmedia&parent=190"}],"wp:term":[{"taxonomy":"post_tag","embeddable":true,"href":"https:\/\/repositoriododireito.ufn.edu.br\/index.php?rest_route=%2Fwp%2Fv2%2Ftags&post=190"}],"curies":[{"name":"wp","href":"https:\/\/api.w.org\/{rel}","templated":true}]}}