{"id":2112,"date":"2023-06-30T17:46:46","date_gmt":"2023-06-30T20:46:46","guid":{"rendered":"https:\/\/repositoriododireito.ufn.edu.br\/?page_id=2112"},"modified":"2023-09-15T19:38:36","modified_gmt":"2023-09-15T22:38:36","slug":"cnpq-teste","status":"publish","type":"page","link":"https:\/\/repositoriododireito.ufn.edu.br\/?page_id=2112","title":{"rendered":"Projeto CNPq"},"content":{"rendered":"\n<p>A Universidade Franciscana, em sistema de colabora\u00e7\u00e3o com Institui\u00e7\u00f5es parceiras, tais como a Universidade Federal de Santa Catarina \u2013 por meio do N\u00facleo de Estudos Sociais e Jur\u00eddicos da Crian\u00e7a e do Adolescente (NEJUSCA) -, a Universidade do Sul de Santa Catarina, o Minist\u00e9rio P\u00fablico da Bahia e Minist\u00e9rio P\u00fablico de Santa Catarina, bem como Poder Judici\u00e1rio de Santa Catarina com atua\u00e7\u00e3o na \u00e1rea da inf\u00e2ncia e adolesc\u00eancia integram, em esfor\u00e7o coletivo, o projeto intitulado <strong>Direito \u00e0 sa\u00fade e \u00e0 educa\u00e7\u00e3o de crian\u00e7as e adolescentes em tempos de pandemia: a atua\u00e7\u00e3o dos entes p\u00fablicos brasileiros na efetiva\u00e7\u00e3o de direitos fundamentais.<\/strong><\/p>\n\n\n\n<p><strong>O referido projeto \u00e9 financiado pelo CNPq, Chamada CNPq\/MCTI\/FNDCT No 18\/2021 \u2013 Faixa A \u2013 Grupos Emergentes. Sua execu\u00e7\u00e3o ser\u00e1 de 03\/12\/2021 e ter\u00e1 dura\u00e7\u00e3o de 36 meses.<\/strong><\/p>\n\n\n\n<p>Estamos empenhados em fornecer um ambiente rico em informa\u00e7\u00f5es, atualiza\u00e7\u00f5es e recursos relevantes para a comunidade jur\u00eddica e acad\u00eamica. Esperamos que essa p\u00e1gina seja uma fonte de inspira\u00e7\u00e3o e apoio para suas pesquisas e estudos relacionados ao direito.<\/p>\n\n\n\n<p>Para garantir um acesso f\u00e1cil e pr\u00e1tico aos documentos do &#8220;Projeto CNPq&#8221;, utilizamos links magn\u00e9ticos que redirecionam voc\u00ea diretamente para a pasta correspondente no Google Drive. Os links magn\u00e9ticos s\u00e3o uma forma conveniente de compartilhar e acessar arquivos, permitindo que voc\u00ea visualize e fa\u00e7a o download dos materiais dispon\u00edveis.<\/p>\n\n\n\n<p>Novos documentos v\u00e3o ser adicionados regularmente para enriquecer o acervo do &#8220;Projeto CNPq&#8221;. Portanto, \u00e9 recomend\u00e1vel verificar a pasta periodicamente em busca de atualiza\u00e7\u00f5es e recursos adicionais. Esperamos o seu acesso!<\/p>\n\n\n\n<p>Aproveite o conte\u00fado dispon\u00edvel e sinta-se \u00e0 vontade para explorar, compartilhar e contribuir para o enriquecimento desse projeto. Seja bem-vindo ao Projeto CNPq do Reposit\u00f3rio de Direito!<\/p>\n","protected":false},"excerpt":{"rendered":"<p>A Universidade Franciscana, em sistema de colabora\u00e7\u00e3o com Institui\u00e7\u00f5es parceiras, tais como a Universidade Federal de Santa Catarina \u2013 por meio do N\u00facleo de Estudos Sociais e Jur\u00eddicos da Crian\u00e7a e do Adolescente (NEJUSCA) -, a Universidade do Sul de Santa Catarina, o Minist\u00e9rio P\u00fablico da Bahia e Minist\u00e9rio P\u00fablico de Santa Catarina, bem como&hellip; <a href=\"https:\/\/repositoriododireito.ufn.edu.br\/?page_id=2112\" class=\"more-link\">Continuar lendo <span class=\"screen-reader-text\">Projeto CNPq<\/span><\/a><\/p>\n","protected":false},"author":3,"featured_media":0,"parent":0,"menu_order":0,"comment_status":"closed","ping_status":"closed","template":"","meta":{"footnotes":""},"tags":[],"class_list":["post-2112","page","type-page","status-publish","hentry","without-featured-image"],"jetpack_sharing_enabled":true,"_links":{"self":[{"href":"https:\/\/repositoriododireito.ufn.edu.br\/index.php?rest_route=\/wp\/v2\/pages\/2112","targetHints":{"allow":["GET"]}}],"collection":[{"href":"https:\/\/repositoriododireito.ufn.edu.br\/index.php?rest_route=\/wp\/v2\/pages"}],"about":[{"href":"https:\/\/repositoriododireito.ufn.edu.br\/index.php?rest_route=\/wp\/v2\/types\/page"}],"author":[{"embeddable":true,"href":"https:\/\/repositoriododireito.ufn.edu.br\/index.php?rest_route=\/wp\/v2\/users\/3"}],"replies":[{"embeddable":true,"href":"https:\/\/repositoriododireito.ufn.edu.br\/index.php?rest_route=%2Fwp%2Fv2%2Fcomments&post=2112"}],"version-history":[{"count":5,"href":"https:\/\/repositoriododireito.ufn.edu.br\/index.php?rest_route=\/wp\/v2\/pages\/2112\/revisions"}],"predecessor-version":[{"id":2313,"href":"https:\/\/repositoriododireito.ufn.edu.br\/index.php?rest_route=\/wp\/v2\/pages\/2112\/revisions\/2313"}],"wp:attachment":[{"href":"https:\/\/repositoriododireito.ufn.edu.br\/index.php?rest_route=%2Fwp%2Fv2%2Fmedia&parent=2112"}],"wp:term":[{"taxonomy":"post_tag","embeddable":true,"href":"https:\/\/repositoriododireito.ufn.edu.br\/index.php?rest_route=%2Fwp%2Fv2%2Ftags&post=2112"}],"curies":[{"name":"wp","href":"https:\/\/api.w.org\/{rel}","templated":true}]}}