{"id":2160,"date":"2023-07-19T23:59:49","date_gmt":"2023-07-20T02:59:49","guid":{"rendered":"https:\/\/repositoriododireito.ufn.edu.br\/?page_id=2160"},"modified":"2025-04-10T16:06:02","modified_gmt":"2025-04-10T19:06:02","slug":"artigos-sobre-o-tema","status":"publish","type":"page","link":"https:\/\/repositoriododireito.ufn.edu.br\/?page_id=2160","title":{"rendered":"Decis\u00f5es Judiciais"},"content":{"rendered":"\n<p><strong>Nesta \u00e1rea est\u00e1 disponibilizada a pesquisa realizada em todos os Tribunais de Justi\u00e7a  do Brasil, no \u00e2mbito da tem\u00e1tica deste projeto, pertinentes as decis\u00f5es judiciais  prolataras.<\/strong><\/p>\n\n\n\n<p>O conte\u00fado integral pode ser acessado clicando sobre o link.<\/p>\n\n\n\n<p><a href=\"https:\/\/docs.google.com\/spreadsheets\/d\/1hMk7x00eZdEgZ72Vfj10KBX5vOa4zB0W\/edit?usp=sharing&amp;ouid=117428268689866230917&amp;rtpof=true&amp;sd=true\">https:\/\/docs.google.com\/spreadsheets\/d\/1hMk7x00eZdEgZ72Vfj10KBX5vOa4zB0W\/edit?usp=sharing&amp;ouid=117428268689866230917&amp;rtpof=true&amp;sd=true<\/a><\/p>\n\n\n\n<p><\/p>\n","protected":false},"excerpt":{"rendered":"<p>Nesta \u00e1rea est\u00e1 disponibilizada a pesquisa realizada em todos os Tribunais de Justi\u00e7a do Brasil, no \u00e2mbito da tem\u00e1tica deste projeto, pertinentes as decis\u00f5es judiciais prolataras. O conte\u00fado integral pode ser acessado clicando sobre o link. https:\/\/docs.google.com\/spreadsheets\/d\/1hMk7x00eZdEgZ72Vfj10KBX5vOa4zB0W\/edit?usp=sharing&amp;ouid=117428268689866230917&amp;rtpof=true&amp;sd=true<\/p>\n","protected":false},"author":3,"featured_media":0,"parent":0,"menu_order":0,"comment_status":"closed","ping_status":"closed","template":"","meta":{"footnotes":""},"tags":[],"class_list":["post-2160","page","type-page","status-publish","hentry","without-featured-image"],"jetpack_sharing_enabled":true,"_links":{"self":[{"href":"https:\/\/repositoriododireito.ufn.edu.br\/index.php?rest_route=\/wp\/v2\/pages\/2160","targetHints":{"allow":["GET"]}}],"collection":[{"href":"https:\/\/repositoriododireito.ufn.edu.br\/index.php?rest_route=\/wp\/v2\/pages"}],"about":[{"href":"https:\/\/repositoriododireito.ufn.edu.br\/index.php?rest_route=\/wp\/v2\/types\/page"}],"author":[{"embeddable":true,"href":"https:\/\/repositoriododireito.ufn.edu.br\/index.php?rest_route=\/wp\/v2\/users\/3"}],"replies":[{"embeddable":true,"href":"https:\/\/repositoriododireito.ufn.edu.br\/index.php?rest_route=%2Fwp%2Fv2%2Fcomments&post=2160"}],"version-history":[{"count":9,"href":"https:\/\/repositoriododireito.ufn.edu.br\/index.php?rest_route=\/wp\/v2\/pages\/2160\/revisions"}],"predecessor-version":[{"id":2754,"href":"https:\/\/repositoriododireito.ufn.edu.br\/index.php?rest_route=\/wp\/v2\/pages\/2160\/revisions\/2754"}],"wp:attachment":[{"href":"https:\/\/repositoriododireito.ufn.edu.br\/index.php?rest_route=%2Fwp%2Fv2%2Fmedia&parent=2160"}],"wp:term":[{"taxonomy":"post_tag","embeddable":true,"href":"https:\/\/repositoriododireito.ufn.edu.br\/index.php?rest_route=%2Fwp%2Fv2%2Ftags&post=2160"}],"curies":[{"name":"wp","href":"https:\/\/api.w.org\/{rel}","templated":true}]}}