{"id":2238,"date":"2023-08-30T16:36:59","date_gmt":"2023-08-30T19:36:59","guid":{"rendered":"https:\/\/repositoriododireito.ufn.edu.br\/?page_id=2238"},"modified":"2025-12-10T11:39:01","modified_gmt":"2025-12-10T14:39:01","slug":"ola","status":"publish","type":"page","link":"https:\/\/repositoriododireito.ufn.edu.br\/","title":{"rendered":"Ol\u00e1!"},"content":{"rendered":"\n<p>Seja bem vindo ao Reposit\u00f3rio do Curso de Direito da Universidade Franciscana;<\/p>\n\n\n\n<p>Aqui voc\u00ea pode acompanhar as atividades extensionistas produzidas no Curso;<\/p>\n\n\n\n<p>O Reposit\u00f3rio \u00e9 administrado pelo Laborat\u00f3rio de Extens\u00e3o do Curso de Direito.<\/p>\n\n\n\n<p>Nos acompanhe tamb\u00e9m nas redes sociais, siga o <a href=\"https:\/\/www.instagram.com\/ledireitoufn?igsh=MzJzNjd2NTNsOWJs\"><strong>Insta do Laborat\u00f3rio<\/strong><\/a> e o<a href=\"https:\/\/www.instagram.com\/direitoufn?igsh=MTFwM3VzaXFoZG9lMw==\"><strong> Insta do Curso de Direito<\/strong><\/a>!<\/p>\n\n\n\n<ul class=\"wp-block-social-links is-layout-flex wp-block-social-links-is-layout-flex\"><\/ul>\n","protected":false},"excerpt":{"rendered":"<p>Seja bem vindo ao Reposit\u00f3rio do Curso de Direito da Universidade Franciscana; Aqui voc\u00ea pode acompanhar as atividades extensionistas produzidas no Curso; O Reposit\u00f3rio \u00e9 administrado pelo Laborat\u00f3rio de Extens\u00e3o do Curso de Direito. Nos acompanhe tamb\u00e9m nas redes sociais, siga o Insta do Laborat\u00f3rio e o Insta do Curso de Direito!<\/p>\n","protected":false},"author":3,"featured_media":0,"parent":0,"menu_order":0,"comment_status":"closed","ping_status":"closed","template":"","meta":{"footnotes":""},"tags":[],"class_list":["post-2238","page","type-page","status-publish","hentry","without-featured-image"],"jetpack_sharing_enabled":true,"_links":{"self":[{"href":"https:\/\/repositoriododireito.ufn.edu.br\/index.php?rest_route=\/wp\/v2\/pages\/2238","targetHints":{"allow":["GET"]}}],"collection":[{"href":"https:\/\/repositoriododireito.ufn.edu.br\/index.php?rest_route=\/wp\/v2\/pages"}],"about":[{"href":"https:\/\/repositoriododireito.ufn.edu.br\/index.php?rest_route=\/wp\/v2\/types\/page"}],"author":[{"embeddable":true,"href":"https:\/\/repositoriododireito.ufn.edu.br\/index.php?rest_route=\/wp\/v2\/users\/3"}],"replies":[{"embeddable":true,"href":"https:\/\/repositoriododireito.ufn.edu.br\/index.php?rest_route=%2Fwp%2Fv2%2Fcomments&post=2238"}],"version-history":[{"count":4,"href":"https:\/\/repositoriododireito.ufn.edu.br\/index.php?rest_route=\/wp\/v2\/pages\/2238\/revisions"}],"predecessor-version":[{"id":2896,"href":"https:\/\/repositoriododireito.ufn.edu.br\/index.php?rest_route=\/wp\/v2\/pages\/2238\/revisions\/2896"}],"wp:attachment":[{"href":"https:\/\/repositoriododireito.ufn.edu.br\/index.php?rest_route=%2Fwp%2Fv2%2Fmedia&parent=2238"}],"wp:term":[{"taxonomy":"post_tag","embeddable":true,"href":"https:\/\/repositoriododireito.ufn.edu.br\/index.php?rest_route=%2Fwp%2Fv2%2Ftags&post=2238"}],"curies":[{"name":"wp","href":"https:\/\/api.w.org\/{rel}","templated":true}]}}