{"id":2333,"date":"2024-03-19T15:12:02","date_gmt":"2024-03-19T18:12:02","guid":{"rendered":"https:\/\/repositoriododireito.ufn.edu.br\/?page_id=2333"},"modified":"2024-10-24T12:49:01","modified_gmt":"2024-10-24T15:49:01","slug":"2023-2","status":"publish","type":"page","link":"https:\/\/repositoriododireito.ufn.edu.br\/?page_id=2333","title":{"rendered":"2023\/2"},"content":{"rendered":"\n<p style=\"font-size:30px\"><strong><em>PROJETOS PRODUZIDOS NO 2\u00ba SEMESTRE DE 2023<\/em><\/strong><\/p>\n\n\n\n<p><strong>1. Extens\u00e3o em Direito<\/strong><\/p>\n\n\n\n<p><strong>Regress\u00e3o de Regime<\/strong><\/p>\n\n\n\n<div data-wp-interactive=\"core\/file\" class=\"wp-block-file\"><object data-wp-bind--hidden=\"!state.hasPdfPreview\" hidden class=\"wp-block-file__embed\" data=\"https:\/\/repositoriododireito.ufn.edu.br\/wp-content\/uploads\/2024\/10\/Anexo1-Regressao-de-regime.pdf\" type=\"application\/pdf\" style=\"width:100%;height:600px\" aria-label=\"Incorporado de Regressa\u0303o de regime.\"><\/object><a id=\"wp-block-file--media-513fa960-7edc-45a3-acf0-95294bd446fe\" href=\"https:\/\/repositoriododireito.ufn.edu.br\/wp-content\/uploads\/2024\/10\/Anexo1-Regressao-de-regime.pdf\">Regressa\u0303o de regime<\/a><a href=\"https:\/\/repositoriododireito.ufn.edu.br\/wp-content\/uploads\/2024\/10\/Anexo1-Regressao-de-regime.pdf\" class=\"wp-block-file__button wp-element-button\" download aria-describedby=\"wp-block-file--media-513fa960-7edc-45a3-acf0-95294bd446fe\">Baixar<\/a><\/div>\n\n\n\n<p><strong>Relat\u00f3rio Subprojeto &#8211; Extens\u00e3o<\/strong> em Direito<\/p>\n\n\n\n<div data-wp-interactive=\"core\/file\" class=\"wp-block-file\"><object data-wp-bind--hidden=\"!state.hasPdfPreview\" hidden class=\"wp-block-file__embed\" data=\"https:\/\/repositoriododireito.ufn.edu.br\/wp-content\/uploads\/2024\/10\/RelatorioSubprojeto_ExtensaoDireito_II.pdf\" type=\"application\/pdf\" style=\"width:100%;height:600px\" aria-label=\"Incorporado de Relatorio Subprojeto.\"><\/object><a id=\"wp-block-file--media-b75a3427-c6fb-487f-a996-72a14c756c8a\" href=\"https:\/\/repositoriododireito.ufn.edu.br\/wp-content\/uploads\/2024\/10\/RelatorioSubprojeto_ExtensaoDireito_II.pdf\">Relatorio Subprojeto<\/a><a href=\"https:\/\/repositoriododireito.ufn.edu.br\/wp-content\/uploads\/2024\/10\/RelatorioSubprojeto_ExtensaoDireito_II.pdf\" class=\"wp-block-file__button wp-element-button\" download aria-describedby=\"wp-block-file--media-b75a3427-c6fb-487f-a996-72a14c756c8a\">Baixar<\/a><\/div>\n\n\n\n<p><strong>2. Gest\u00e3o de Conflitos<\/strong><\/p>\n\n\n\n<p><strong>Resultado da Pesquisa: Projeto Curriculariza\u00e7\u00e3o da Extens\u00e3o<\/strong><\/p>\n\n\n\n<div data-wp-interactive=\"core\/file\" class=\"wp-block-file\"><object data-wp-bind--hidden=\"!state.hasPdfPreview\" hidden class=\"wp-block-file__embed\" data=\"https:\/\/repositoriododireito.ufn.edu.br\/wp-content\/uploads\/2024\/10\/Resultado-pesquisa-Projeto-Curricularizacao-da-Extensao.pdf\" type=\"application\/pdf\" style=\"width:100%;height:600px\" aria-label=\"Incorporado de Resultado da Pesquisa: Projeto Curricularizac\u0327a\u0303o da Extensa\u0303o.\"><\/object><a id=\"wp-block-file--media-b92688bd-349e-4199-ab70-f08e4b38188e\" href=\"https:\/\/repositoriododireito.ufn.edu.br\/wp-content\/uploads\/2024\/10\/Resultado-pesquisa-Projeto-Curricularizacao-da-Extensao.pdf\">Resultado da Pesquisa: Projeto Curricularizac\u0327a\u0303o da Extensa\u0303o<\/a><a href=\"https:\/\/repositoriododireito.ufn.edu.br\/wp-content\/uploads\/2024\/10\/Resultado-pesquisa-Projeto-Curricularizacao-da-Extensao.pdf\" class=\"wp-block-file__button wp-element-button\" download aria-describedby=\"wp-block-file--media-b92688bd-349e-4199-ab70-f08e4b38188e\">Baixar<\/a><\/div>\n\n\n\n<p><strong>Relat\u00f3rio Subprojeto &#8211; Gest\u00e3o de Conflitos<\/strong><\/p>\n\n\n\n<div data-wp-interactive=\"core\/file\" class=\"wp-block-file\"><object data-wp-bind--hidden=\"!state.hasPdfPreview\" hidden class=\"wp-block-file__embed\" data=\"https:\/\/repositoriododireito.ufn.edu.br\/wp-content\/uploads\/2024\/10\/Relatorio-Subprojeto-2023-2-Gestao-de-Conflitos-.pdf\" type=\"application\/pdf\" style=\"width:100%;height:600px\" aria-label=\"Incorporado de Relato\u0301rio Subprojeto 2023- 2 - Gesta\u0303o de Conflitos.\"><\/object><a id=\"wp-block-file--media-8053dac5-2b47-4490-9c12-8615f01b383d\" href=\"https:\/\/repositoriododireito.ufn.edu.br\/wp-content\/uploads\/2024\/10\/Relatorio-Subprojeto-2023-2-Gestao-de-Conflitos-.pdf\">Relato\u0301rio Subprojeto 2023- 2 &#8211; Gesta\u0303o de Conflitos<\/a><a href=\"https:\/\/repositoriododireito.ufn.edu.br\/wp-content\/uploads\/2024\/10\/Relatorio-Subprojeto-2023-2-Gestao-de-Conflitos-.pdf\" class=\"wp-block-file__button wp-element-button\" download aria-describedby=\"wp-block-file--media-8053dac5-2b47-4490-9c12-8615f01b383d\">Baixar<\/a><\/div>\n\n\n\n<p><strong>3. Seguridade Social<\/strong><\/p>\n\n\n\n<p><strong>O que \u00e9 o CNIS?<\/strong><\/p>\n\n\n\n<figure class=\"wp-block-video\"><video height=\"720\" style=\"aspect-ratio: 1280 \/ 720;\" width=\"1280\" controls src=\"https:\/\/repositoriododireito.ufn.edu.br\/wp-content\/uploads\/2024\/10\/Diurno-Grupo-01-O-que-e-o-CNIS-1.mp4\"><\/video><\/figure>\n\n\n\n<p><strong>Retifica\u00e7\u00e3o do CNIS<\/strong><\/p>\n\n\n\n<figure class=\"wp-block-video\"><video height=\"1080\" style=\"aspect-ratio: 1920 \/ 1080;\" width=\"1920\" controls src=\"https:\/\/repositoriododireito.ufn.edu.br\/wp-content\/uploads\/2024\/10\/Diurno-Grupo-03-Retificacao-do-CNIS.mp4\"><\/video><\/figure>\n\n\n\n<p><strong>Identifica\u00e7\u00e3o do CNIS<\/strong><\/p>\n\n\n\n<figure class=\"wp-block-video\"><video height=\"1080\" style=\"aspect-ratio: 1920 \/ 1080;\" width=\"1920\" controls src=\"https:\/\/repositoriododireito.ufn.edu.br\/wp-content\/uploads\/2024\/10\/Noturno-Grupo-04-Identificacao-do-CNIS.mp4\"><\/video><\/figure>\n\n\n\n<p><strong>Leitura do CNIS<\/strong><\/p>\n\n\n\n<figure class=\"wp-block-video\"><\/figure>\n\n\n\n<p><strong>CNIS<\/strong><\/p>\n\n\n\n<figure class=\"wp-block-video\"><video height=\"544\" style=\"aspect-ratio: 960 \/ 544;\" width=\"960\" controls src=\"https:\/\/repositoriododireito.ufn.edu.br\/wp-content\/uploads\/2024\/10\/Video-Previdenciario-CNIS.mp4\"><\/video><\/figure>\n\n\n\n<p><strong>INSS<\/strong><\/p>\n\n\n\n<figure class=\"wp-block-video\"><video height=\"650\" style=\"aspect-ratio: 1366 \/ 650;\" width=\"1366\" controls src=\"https:\/\/repositoriododireito.ufn.edu.br\/wp-content\/uploads\/2024\/10\/Video-Previdenciario-INSS.mp4\"><\/video><\/figure>\n\n\n\n<p><strong>Relat\u00f3rio Subprojeto &#8211; Seguridade Social<\/strong><\/p>\n\n\n\n<div data-wp-interactive=\"core\/file\" class=\"wp-block-file\"><object data-wp-bind--hidden=\"!state.hasPdfPreview\" hidden class=\"wp-block-file__embed\" data=\"https:\/\/repositoriododireito.ufn.edu.br\/wp-content\/uploads\/2024\/10\/Relatorio-Final-Subprojeto-Seguridade-Social-2023-2.pdf\" type=\"application\/pdf\" style=\"width:100%;height:600px\" aria-label=\"Incorporado de Relato\u0301rio Final - Subprojeto Seguridade Social 2023-2.\"><\/object><a id=\"wp-block-file--media-c625b305-0461-4b8a-a54e-2f8b03d38199\" href=\"https:\/\/repositoriododireito.ufn.edu.br\/wp-content\/uploads\/2024\/10\/Relatorio-Final-Subprojeto-Seguridade-Social-2023-2.pdf\">Relato\u0301rio Final &#8211; Subprojeto Seguridade Social 2023-2<\/a><a href=\"https:\/\/repositoriododireito.ufn.edu.br\/wp-content\/uploads\/2024\/10\/Relatorio-Final-Subprojeto-Seguridade-Social-2023-2.pdf\" class=\"wp-block-file__button wp-element-button\" download aria-describedby=\"wp-block-file--media-c625b305-0461-4b8a-a54e-2f8b03d38199\">Baixar<\/a><\/div>\n\n\n\n<p><strong>4. Direito das Fam\u00edlias<\/strong><\/p>\n\n\n\n<p><strong>Relat\u00f3rio Subprojeto &#8211; Direito das Fam\u00edlias<\/strong><\/p>\n\n\n\n<div data-wp-interactive=\"core\/file\" class=\"wp-block-file\"><object data-wp-bind--hidden=\"!state.hasPdfPreview\" hidden class=\"wp-block-file__embed\" data=\"https:\/\/repositoriododireito.ufn.edu.br\/wp-content\/uploads\/2024\/10\/Ficha-para-relatorio-Subprojeto-Familia-2023-2.docx.pdf\" type=\"application\/pdf\" style=\"width:100%;height:600px\" aria-label=\"Incorporado de Relat\u00f3rio Subprojeto - Direito das Fam\u00edlias.\"><\/object><a id=\"wp-block-file--media-4974bede-322d-4886-98f2-d4d5f1bec9b0\" href=\"https:\/\/repositoriododireito.ufn.edu.br\/wp-content\/uploads\/2024\/10\/Ficha-para-relatorio-Subprojeto-Familia-2023-2.docx.pdf\">Relat\u00f3rio Subprojeto &#8211; Direito das Fam\u00edlias<\/a><a href=\"https:\/\/repositoriododireito.ufn.edu.br\/wp-content\/uploads\/2024\/10\/Ficha-para-relatorio-Subprojeto-Familia-2023-2.docx.pdf\" class=\"wp-block-file__button wp-element-button\" download aria-describedby=\"wp-block-file--media-4974bede-322d-4886-98f2-d4d5f1bec9b0\">Baixar<\/a><\/div>\n\n\n\n<p><strong>5. Direito Ambiental<\/strong><\/p>\n\n\n\n<p><strong>Relat\u00f3rio Subprojeto &#8211; Direito Ambiental<\/strong><\/p>\n\n\n\n<div data-wp-interactive=\"core\/file\" class=\"wp-block-file\"><object data-wp-bind--hidden=\"!state.hasPdfPreview\" hidden class=\"wp-block-file__embed\" data=\"https:\/\/repositoriododireito.ufn.edu.br\/wp-content\/uploads\/2024\/10\/Relatorio-Suprojeto-AJAG-2023-2.docx.pdf\" type=\"application\/pdf\" style=\"width:100%;height:600px\" aria-label=\"Incorporado de Relat\u00f3rio Subprojeto - Direito Ambiental.\"><\/object><a id=\"wp-block-file--media-eb394ef7-9df8-46a3-851b-02276c8e8a21\" href=\"https:\/\/repositoriododireito.ufn.edu.br\/wp-content\/uploads\/2024\/10\/Relatorio-Suprojeto-AJAG-2023-2.docx.pdf\">Relat\u00f3rio Subprojeto &#8211; Direito Ambiental<\/a><a href=\"https:\/\/repositoriododireito.ufn.edu.br\/wp-content\/uploads\/2024\/10\/Relatorio-Suprojeto-AJAG-2023-2.docx.pdf\" class=\"wp-block-file__button wp-element-button\" download aria-describedby=\"wp-block-file--media-eb394ef7-9df8-46a3-851b-02276c8e8a21\">Baixar<\/a><\/div>\n\n\n\n<p><\/p>\n","protected":false},"excerpt":{"rendered":"<p>PROJETOS PRODUZIDOS NO 2\u00ba SEMESTRE DE 2023 1. Extens\u00e3o em Direito Regress\u00e3o de Regime Relat\u00f3rio Subprojeto &#8211; Extens\u00e3o em Direito 2. Gest\u00e3o de Conflitos Resultado da Pesquisa: Projeto Curriculariza\u00e7\u00e3o da Extens\u00e3o Relat\u00f3rio Subprojeto &#8211; Gest\u00e3o de Conflitos 3. Seguridade Social O que \u00e9 o CNIS? Retifica\u00e7\u00e3o do CNIS Identifica\u00e7\u00e3o do CNIS Leitura do CNIS CNIS&hellip; <a href=\"https:\/\/repositoriododireito.ufn.edu.br\/?page_id=2333\" class=\"more-link\">Continuar lendo <span class=\"screen-reader-text\">2023\/2<\/span><\/a><\/p>\n","protected":false},"author":3,"featured_media":0,"parent":0,"menu_order":0,"comment_status":"closed","ping_status":"closed","template":"","meta":{"footnotes":""},"tags":[],"class_list":["post-2333","page","type-page","status-publish","hentry","without-featured-image"],"jetpack_sharing_enabled":true,"_links":{"self":[{"href":"https:\/\/repositoriododireito.ufn.edu.br\/index.php?rest_route=\/wp\/v2\/pages\/2333","targetHints":{"allow":["GET"]}}],"collection":[{"href":"https:\/\/repositoriododireito.ufn.edu.br\/index.php?rest_route=\/wp\/v2\/pages"}],"about":[{"href":"https:\/\/repositoriododireito.ufn.edu.br\/index.php?rest_route=\/wp\/v2\/types\/page"}],"author":[{"embeddable":true,"href":"https:\/\/repositoriododireito.ufn.edu.br\/index.php?rest_route=\/wp\/v2\/users\/3"}],"replies":[{"embeddable":true,"href":"https:\/\/repositoriododireito.ufn.edu.br\/index.php?rest_route=%2Fwp%2Fv2%2Fcomments&post=2333"}],"version-history":[{"count":7,"href":"https:\/\/repositoriododireito.ufn.edu.br\/index.php?rest_route=\/wp\/v2\/pages\/2333\/revisions"}],"predecessor-version":[{"id":2595,"href":"https:\/\/repositoriododireito.ufn.edu.br\/index.php?rest_route=\/wp\/v2\/pages\/2333\/revisions\/2595"}],"wp:attachment":[{"href":"https:\/\/repositoriododireito.ufn.edu.br\/index.php?rest_route=%2Fwp%2Fv2%2Fmedia&parent=2333"}],"wp:term":[{"taxonomy":"post_tag","embeddable":true,"href":"https:\/\/repositoriododireito.ufn.edu.br\/index.php?rest_route=%2Fwp%2Fv2%2Ftags&post=2333"}],"curies":[{"name":"wp","href":"https:\/\/api.w.org\/{rel}","templated":true}]}}