{"id":2763,"date":"2025-11-18T11:28:01","date_gmt":"2025-11-18T14:28:01","guid":{"rendered":"https:\/\/repositoriododireito.ufn.edu.br\/?page_id=2763"},"modified":"2026-04-24T19:42:16","modified_gmt":"2026-04-24T22:42:16","slug":"parentalis","status":"publish","type":"page","link":"https:\/\/repositoriododireito.ufn.edu.br\/?page_id=2763","title":{"rendered":"Parentalis"},"content":{"rendered":"\n<figure class=\"wp-block-image size-large is-resized\"><img loading=\"lazy\" decoding=\"async\" width=\"1024\" height=\"274\" src=\"https:\/\/repositoriododireito.ufn.edu.br\/wp-content\/uploads\/2025\/12\/Design-sem-nome-1024x274.png\" alt=\"\" class=\"wp-image-3290\" style=\"width:495px;height:auto\" srcset=\"https:\/\/repositoriododireito.ufn.edu.br\/wp-content\/uploads\/2025\/12\/Design-sem-nome-1024x274.png 1024w, https:\/\/repositoriododireito.ufn.edu.br\/wp-content\/uploads\/2025\/12\/Design-sem-nome-300x80.png 300w, https:\/\/repositoriododireito.ufn.edu.br\/wp-content\/uploads\/2025\/12\/Design-sem-nome-768x205.png 768w, https:\/\/repositoriododireito.ufn.edu.br\/wp-content\/uploads\/2025\/12\/Design-sem-nome-1536x411.png 1536w, https:\/\/repositoriododireito.ufn.edu.br\/wp-content\/uploads\/2025\/12\/Design-sem-nome.png 1600w\" sizes=\"auto, (max-width: 1024px) 100vw, 1024px\" \/><\/figure>\n\n\n\n<h2 class=\"wp-block-heading\">Sobre o Projeto<\/h2>\n\n\n\n<p>O <strong>Parentalis <\/strong>\u00e9 um projeto de extens\u00e3o universit\u00e1ria que tem como objetivo <strong>refletir e dialogar sobre os direitos das fam\u00edlias contempor\u00e2neas<\/strong>, sob a \u00f3tica da Constitui\u00e7\u00e3o da Rep\u00fablica.<\/p>\n\n\n\n<p>O projeto aborda temas atuais, desde os <strong>novos arranjos<\/strong> familiares at\u00e9 a prote\u00e7\u00e3o <strong>contra viol\u00eancias <\/strong>e os desafios da conviv\u00eancia, levando informa\u00e7\u00e3o acess\u00edvel para a comunidade e escolas parceiras. Por meio de a\u00e7\u00f5es em escolas e produ\u00e7\u00f5es de m\u00eddia, buscamos <strong>traduzir o Direito em linguagem acess\u00edvel<\/strong>, aproximando a universidade da comunidade.<br><br>Nos acompanhe tamb\u00e9m nas redes sociais, siga o <a href=\"https:\/\/www.instagram.com\/parentalis_ufn?igsh=YzJhYmtlYTU5cngy&amp;utm_source=qr\">Insta do Parentalis<\/a>.<\/p>\n\n\n\n<h2 class=\"wp-block-heading\">Eixo 1<\/h2>\n\n\n\n<p>Novos Arranjos Familiares e Constitucionaliza\u00e7\u00e3o das Fam\u00edlias<\/p>\n\n\n\n<p>O primeiro eixo investiga <strong>como a Constitui\u00e7\u00e3o da Rep\u00fablica de 1988 ampliou o conceito de fam\u00edlia<\/strong>, reconhecendo diferentes formas de v\u00ednculo baseadas no afeto, na solidariedade e na dignidade humana. O eixo busca compreender como o <strong>Estado, as leis e os valores modernos<\/strong> se equilibram na vida familiar.<\/p>\n\n\n\n<h2 class=\"wp-block-heading\">Eixo 2<\/h2>\n\n\n\n<p>Viol\u00eancias Intrafamiliares e Prote\u00e7\u00e3o Constitucional<\/p>\n\n\n\n<p>O segundo eixo aborda as <strong>m\u00faltiplas formas de viol\u00eancia dentro do ambiente familiar<\/strong>, f\u00edsica, psicol\u00f3gica, moral, patrimonial e sexual, e as garantias jur\u00eddicas que protegem as v\u00edtimas. O objetivo \u00e9 conscientizar sobre como o Direito atua na <strong>preven\u00e7\u00e3o, acolhimento e responsabiliza\u00e7\u00e3o<\/strong>, rompendo o ciclo da viol\u00eancia.<\/p>\n\n\n\n<h2 class=\"wp-block-heading\">Eixo 3<\/h2>\n\n\n\n<p>Rela\u00e7\u00f5es Familiares, Direitos Fundamentais e Gest\u00e3o de Conflitos<\/p>\n\n\n\n<p>O terceiro eixo foca na <strong>manuten\u00e7\u00e3o dos v\u00ednculos familiares de forma justa e equilibrada<\/strong>, abordando as ferramentas jur\u00eddicas que ajudam a resolver conflitos. O eixo mostra que <strong>o Direito das Fam\u00edlias n\u00e3o busca punir, mas equilibrar rela\u00e7\u00f5es<\/strong>, fortalecendo o cuidado, a escuta e o respeito m\u00fatuo.<\/p>\n","protected":false},"excerpt":{"rendered":"<p>Sobre o Projeto O Parentalis \u00e9 um projeto de extens\u00e3o universit\u00e1ria que tem como objetivo refletir e dialogar sobre os direitos das fam\u00edlias contempor\u00e2neas, sob a \u00f3tica da Constitui\u00e7\u00e3o da Rep\u00fablica. O projeto aborda temas atuais, desde os novos arranjos familiares at\u00e9 a prote\u00e7\u00e3o contra viol\u00eancias e os desafios da conviv\u00eancia, levando informa\u00e7\u00e3o acess\u00edvel para&hellip; <a href=\"https:\/\/repositoriododireito.ufn.edu.br\/?page_id=2763\" class=\"more-link\">Continuar lendo <span class=\"screen-reader-text\">Parentalis<\/span><\/a><\/p>\n","protected":false},"author":3,"featured_media":0,"parent":0,"menu_order":0,"comment_status":"closed","ping_status":"closed","template":"","meta":{"footnotes":""},"tags":[],"class_list":["post-2763","page","type-page","status-publish","hentry","without-featured-image"],"jetpack_sharing_enabled":true,"_links":{"self":[{"href":"https:\/\/repositoriododireito.ufn.edu.br\/index.php?rest_route=\/wp\/v2\/pages\/2763","targetHints":{"allow":["GET"]}}],"collection":[{"href":"https:\/\/repositoriododireito.ufn.edu.br\/index.php?rest_route=\/wp\/v2\/pages"}],"about":[{"href":"https:\/\/repositoriododireito.ufn.edu.br\/index.php?rest_route=\/wp\/v2\/types\/page"}],"author":[{"embeddable":true,"href":"https:\/\/repositoriododireito.ufn.edu.br\/index.php?rest_route=\/wp\/v2\/users\/3"}],"replies":[{"embeddable":true,"href":"https:\/\/repositoriododireito.ufn.edu.br\/index.php?rest_route=%2Fwp%2Fv2%2Fcomments&post=2763"}],"version-history":[{"count":8,"href":"https:\/\/repositoriododireito.ufn.edu.br\/index.php?rest_route=\/wp\/v2\/pages\/2763\/revisions"}],"predecessor-version":[{"id":3393,"href":"https:\/\/repositoriododireito.ufn.edu.br\/index.php?rest_route=\/wp\/v2\/pages\/2763\/revisions\/3393"}],"wp:attachment":[{"href":"https:\/\/repositoriododireito.ufn.edu.br\/index.php?rest_route=%2Fwp%2Fv2%2Fmedia&parent=2763"}],"wp:term":[{"taxonomy":"post_tag","embeddable":true,"href":"https:\/\/repositoriododireito.ufn.edu.br\/index.php?rest_route=%2Fwp%2Fv2%2Ftags&post=2763"}],"curies":[{"name":"wp","href":"https:\/\/api.w.org\/{rel}","templated":true}]}}