{"id":3284,"date":"2025-12-12T10:20:24","date_gmt":"2025-12-12T13:20:24","guid":{"rendered":"https:\/\/repositoriododireito.ufn.edu.br\/?page_id=3284"},"modified":"2026-04-22T19:57:45","modified_gmt":"2026-04-22T22:57:45","slug":"atividade-01","status":"publish","type":"page","link":"https:\/\/repositoriododireito.ufn.edu.br\/?page_id=3284","title":{"rendered":"Produ\u00e7\u00f5es 2025\/2"},"content":{"rendered":"\n<h2 class=\"wp-block-heading\">Folder &#8211; O que \u00e9 Overshareting e Brain Rot?<\/h2>\n\n\n\n<div class=\"wp-block-columns is-layout-flex wp-container-core-columns-is-layout-9d6595d7 wp-block-columns-is-layout-flex\">\n<div class=\"wp-block-column is-layout-flow wp-block-column-is-layout-flow\" style=\"flex-basis:100%\">\n<div class=\"wp-block-jetpack-tiled-gallery aligncenter is-style-rectangular\"><div class=\"\"><div class=\"tiled-gallery__gallery\"><div class=\"tiled-gallery__row\"><div class=\"tiled-gallery__col\" style=\"flex-basis:50.00000%\"><figure class=\"tiled-gallery__item\"><img decoding=\"async\" srcset=\"https:\/\/i0.wp.com\/repositoriododireito.ufn.edu.br\/wp-content\/uploads\/2026\/04\/Parentalis_folder.png?strip=info&#038;w=600&#038;ssl=1 600w,https:\/\/i0.wp.com\/repositoriododireito.ufn.edu.br\/wp-content\/uploads\/2026\/04\/Parentalis_folder.png?strip=info&#038;w=900&#038;ssl=1 900w,https:\/\/i0.wp.com\/repositoriododireito.ufn.edu.br\/wp-content\/uploads\/2026\/04\/Parentalis_folder.png?strip=info&#038;w=1200&#038;ssl=1 1200w,https:\/\/i0.wp.com\/repositoriododireito.ufn.edu.br\/wp-content\/uploads\/2026\/04\/Parentalis_folder.png?strip=info&#038;w=1500&#038;ssl=1 1500w,https:\/\/i0.wp.com\/repositoriododireito.ufn.edu.br\/wp-content\/uploads\/2026\/04\/Parentalis_folder.png?strip=info&#038;w=1800&#038;ssl=1 1800w,https:\/\/i0.wp.com\/repositoriododireito.ufn.edu.br\/wp-content\/uploads\/2026\/04\/Parentalis_folder.png?strip=info&#038;w=2000&#038;ssl=1 2000w\" alt=\"\" data-height=\"1414\" data-id=\"3331\" data-link=\"https:\/\/repositoriododireito.ufn.edu.br\/?attachment_id=3331\" data-url=\"https:\/\/repositoriododireito.ufn.edu.br\/wp-content\/uploads\/2026\/04\/Parentalis_folder.png\" data-width=\"2000\" src=\"https:\/\/i0.wp.com\/repositoriododireito.ufn.edu.br\/wp-content\/uploads\/2026\/04\/Parentalis_folder.png?ssl=1\" data-amp-layout=\"responsive\"\/><\/figure><\/div><div class=\"tiled-gallery__col\" style=\"flex-basis:50.00000%\"><figure class=\"tiled-gallery__item\"><img decoding=\"async\" srcset=\"https:\/\/i0.wp.com\/repositoriododireito.ufn.edu.br\/wp-content\/uploads\/2026\/04\/Parentalis_folder-1-1024x724.png?strip=info&#038;w=600&#038;ssl=1 600w,https:\/\/i0.wp.com\/repositoriododireito.ufn.edu.br\/wp-content\/uploads\/2026\/04\/Parentalis_folder-1-1024x724.png?strip=info&#038;w=900&#038;ssl=1 900w,https:\/\/i0.wp.com\/repositoriododireito.ufn.edu.br\/wp-content\/uploads\/2026\/04\/Parentalis_folder-1-1024x724.png?strip=info&#038;w=1200&#038;ssl=1 1200w,https:\/\/i0.wp.com\/repositoriododireito.ufn.edu.br\/wp-content\/uploads\/2026\/04\/Parentalis_folder-1-1024x724.png?strip=info&#038;w=1500&#038;ssl=1 1500w,https:\/\/i0.wp.com\/repositoriododireito.ufn.edu.br\/wp-content\/uploads\/2026\/04\/Parentalis_folder-1-1024x724.png?strip=info&#038;w=1800&#038;ssl=1 1800w,https:\/\/i0.wp.com\/repositoriododireito.ufn.edu.br\/wp-content\/uploads\/2026\/04\/Parentalis_folder-1-1024x724.png?strip=info&#038;w=2000&#038;ssl=1 2000w\" alt=\"\" data-height=\"1414\" data-id=\"3332\" data-link=\"https:\/\/repositoriododireito.ufn.edu.br\/?attachment_id=3332\" data-url=\"https:\/\/repositoriododireito.ufn.edu.br\/wp-content\/uploads\/2026\/04\/Parentalis_folder-1-1024x724.png\" data-width=\"2000\" src=\"https:\/\/i0.wp.com\/repositoriododireito.ufn.edu.br\/wp-content\/uploads\/2026\/04\/Parentalis_folder-1-1024x724.png?ssl=1\" data-amp-layout=\"responsive\"\/><\/figure><\/div><\/div><\/div><\/div><\/div>\n<\/div>\n<\/div>\n\n\n\n<h2 class=\"wp-block-heading\">Flash Cards &#8211; Vozes em Jogo<\/h2>\n\n\n\n<p><strong><em>Instru\u00e7\u00e3o do Jogo<br><\/em>Objetivo<\/strong>: Reconhecer comportamentos que silenciam mulheres e aprender formas saud\u00e1veis de responder a eles.<br><strong><em>Como Jogar:<br><\/em>1-<\/strong> Embaralhe as cartas de Situa\u00e7\u00e3o e coloque no centro.<br><strong>2-<\/strong> Distribua as cartas de Respostas Saud\u00e1veis e de comportamentos entre os participantes.<br><strong>3-<\/strong> Um jogador vira uma carta de Situa\u00e7\u00e3o e l\u00ea em voz alta.<br><strong>4- <\/strong>Cada jogador escolhe, entre suas cartas, a resposta e o comportamento que melhor combinam com a situa\u00e7\u00e3o.<br><strong>5-<\/strong> A pessoa da rodada escolhe a resposta mais adequada e confere o comportamento (use o gabarito para confirmar).<br><strong>6-<\/strong> Quem acertar as duas ganha 2 pontos (caso acerte uma, ganha 1 ponto) e compra outra carta.<br><strong>7-<\/strong> Vence quem somar mais pontos ao final.<br><br>Carta de <strong><em>Situa\u00e7\u00e3o <\/em><\/strong>= Roxa<br>Carta de <strong><em>Comportamento <\/em><\/strong>= Azul<br>Carta de <strong><em>Resposta Saud\u00e1vel <\/em><\/strong>= Rosa<br>Carta de <strong><em>Reflex\u00e3o <\/em><\/strong>= Verde<\/p>\n\n\n\n<div class=\"wp-block-jetpack-tiled-gallery aligncenter is-style-rectangular\"><div class=\"\"><div class=\"tiled-gallery__gallery\"><div class=\"tiled-gallery__row\"><div class=\"tiled-gallery__col\" style=\"flex-basis:60.19590%\"><figure class=\"tiled-gallery__item\"><img decoding=\"async\" srcset=\"https:\/\/i0.wp.com\/repositoriododireito.ufn.edu.br\/wp-content\/uploads\/2026\/04\/instrucoes-724x1024.jpg?strip=info&#038;w=600&#038;ssl=1 600w,https:\/\/i0.wp.com\/repositoriododireito.ufn.edu.br\/wp-content\/uploads\/2026\/04\/instrucoes-724x1024.jpg?strip=info&#038;w=900&#038;ssl=1 900w,https:\/\/i0.wp.com\/repositoriododireito.ufn.edu.br\/wp-content\/uploads\/2026\/04\/instrucoes-724x1024.jpg?strip=info&#038;w=1200&#038;ssl=1 1200w,https:\/\/i0.wp.com\/repositoriododireito.ufn.edu.br\/wp-content\/uploads\/2026\/04\/instrucoes-724x1024.jpg?strip=info&#038;w=1414&#038;ssl=1 1414w\" alt=\"\" data-height=\"2000\" data-id=\"3354\" data-link=\"https:\/\/repositoriododireito.ufn.edu.br\/?attachment_id=3354\" data-url=\"https:\/\/repositoriododireito.ufn.edu.br\/wp-content\/uploads\/2026\/04\/instrucoes-724x1024.jpg\" data-width=\"1414\" src=\"https:\/\/i0.wp.com\/repositoriododireito.ufn.edu.br\/wp-content\/uploads\/2026\/04\/instrucoes-724x1024.jpg?ssl=1\" data-amp-layout=\"responsive\"\/><\/figure><\/div><div class=\"tiled-gallery__col\" style=\"flex-basis:39.80410%\"><figure class=\"tiled-gallery__item\"><img decoding=\"async\" srcset=\"https:\/\/i0.wp.com\/repositoriododireito.ufn.edu.br\/wp-content\/uploads\/2026\/04\/situacoes-.jpg?strip=info&#038;w=600&#038;ssl=1 600w,https:\/\/i0.wp.com\/repositoriododireito.ufn.edu.br\/wp-content\/uploads\/2026\/04\/situacoes-.jpg?strip=info&#038;w=900&#038;ssl=1 900w,https:\/\/i0.wp.com\/repositoriododireito.ufn.edu.br\/wp-content\/uploads\/2026\/04\/situacoes-.jpg?strip=info&#038;w=1200&#038;ssl=1 1200w,https:\/\/i0.wp.com\/repositoriododireito.ufn.edu.br\/wp-content\/uploads\/2026\/04\/situacoes-.jpg?strip=info&#038;w=1500&#038;ssl=1 1500w,https:\/\/i0.wp.com\/repositoriododireito.ufn.edu.br\/wp-content\/uploads\/2026\/04\/situacoes-.jpg?strip=info&#038;w=1800&#038;ssl=1 1800w,https:\/\/i0.wp.com\/repositoriododireito.ufn.edu.br\/wp-content\/uploads\/2026\/04\/situacoes-.jpg?strip=info&#038;w=2000&#038;ssl=1 2000w\" alt=\"\" data-height=\"1414\" data-id=\"3351\" data-link=\"https:\/\/repositoriododireito.ufn.edu.br\/?attachment_id=3351\" data-url=\"https:\/\/repositoriododireito.ufn.edu.br\/wp-content\/uploads\/2026\/04\/situacoes-.jpg\" data-width=\"2000\" src=\"https:\/\/i0.wp.com\/repositoriododireito.ufn.edu.br\/wp-content\/uploads\/2026\/04\/situacoes-.jpg?ssl=1\" data-amp-layout=\"responsive\"\/><\/figure><figure class=\"tiled-gallery__item\"><img decoding=\"async\" srcset=\"https:\/\/i0.wp.com\/repositoriododireito.ufn.edu.br\/wp-content\/uploads\/2026\/04\/situacoes.jpg?strip=info&#038;w=600&#038;ssl=1 600w,https:\/\/i0.wp.com\/repositoriododireito.ufn.edu.br\/wp-content\/uploads\/2026\/04\/situacoes.jpg?strip=info&#038;w=900&#038;ssl=1 900w,https:\/\/i0.wp.com\/repositoriododireito.ufn.edu.br\/wp-content\/uploads\/2026\/04\/situacoes.jpg?strip=info&#038;w=1200&#038;ssl=1 1200w,https:\/\/i0.wp.com\/repositoriododireito.ufn.edu.br\/wp-content\/uploads\/2026\/04\/situacoes.jpg?strip=info&#038;w=1500&#038;ssl=1 1500w,https:\/\/i0.wp.com\/repositoriododireito.ufn.edu.br\/wp-content\/uploads\/2026\/04\/situacoes.jpg?strip=info&#038;w=1800&#038;ssl=1 1800w,https:\/\/i0.wp.com\/repositoriododireito.ufn.edu.br\/wp-content\/uploads\/2026\/04\/situacoes.jpg?strip=info&#038;w=2000&#038;ssl=1 2000w\" alt=\"\" data-height=\"1414\" data-id=\"3353\" data-link=\"https:\/\/repositoriododireito.ufn.edu.br\/?attachment_id=3353\" data-url=\"https:\/\/repositoriododireito.ufn.edu.br\/wp-content\/uploads\/2026\/04\/situacoes.jpg\" data-width=\"2000\" src=\"https:\/\/i0.wp.com\/repositoriododireito.ufn.edu.br\/wp-content\/uploads\/2026\/04\/situacoes.jpg?ssl=1\" data-amp-layout=\"responsive\"\/><\/figure><figure class=\"tiled-gallery__item\"><img decoding=\"async\" srcset=\"https:\/\/i0.wp.com\/repositoriododireito.ufn.edu.br\/wp-content\/uploads\/2026\/04\/resposta-saudavel-15-1024x724.jpg?strip=info&#038;w=600&#038;ssl=1 600w,https:\/\/i0.wp.com\/repositoriododireito.ufn.edu.br\/wp-content\/uploads\/2026\/04\/resposta-saudavel-15-1024x724.jpg?strip=info&#038;w=900&#038;ssl=1 900w,https:\/\/i0.wp.com\/repositoriododireito.ufn.edu.br\/wp-content\/uploads\/2026\/04\/resposta-saudavel-15-1024x724.jpg?strip=info&#038;w=1200&#038;ssl=1 1200w,https:\/\/i0.wp.com\/repositoriododireito.ufn.edu.br\/wp-content\/uploads\/2026\/04\/resposta-saudavel-15-1024x724.jpg?strip=info&#038;w=1500&#038;ssl=1 1500w,https:\/\/i0.wp.com\/repositoriododireito.ufn.edu.br\/wp-content\/uploads\/2026\/04\/resposta-saudavel-15-1024x724.jpg?strip=info&#038;w=1800&#038;ssl=1 1800w,https:\/\/i0.wp.com\/repositoriododireito.ufn.edu.br\/wp-content\/uploads\/2026\/04\/resposta-saudavel-15-1024x724.jpg?strip=info&#038;w=2000&#038;ssl=1 2000w\" alt=\"\" data-height=\"1414\" data-id=\"3358\" data-link=\"https:\/\/repositoriododireito.ufn.edu.br\/?attachment_id=3358\" data-url=\"https:\/\/repositoriododireito.ufn.edu.br\/wp-content\/uploads\/2026\/04\/resposta-saudavel-15-1024x724.jpg\" data-width=\"2000\" src=\"https:\/\/i0.wp.com\/repositoriododireito.ufn.edu.br\/wp-content\/uploads\/2026\/04\/resposta-saudavel-15-1024x724.jpg?ssl=1\" data-amp-layout=\"responsive\"\/><\/figure><\/div><\/div><div class=\"tiled-gallery__row\"><div class=\"tiled-gallery__col\" style=\"flex-basis:66.78110%\"><figure class=\"tiled-gallery__item\"><img decoding=\"async\" srcset=\"https:\/\/i0.wp.com\/repositoriododireito.ufn.edu.br\/wp-content\/uploads\/2026\/04\/resposta-saudavel-15-1-1024x724.jpg?strip=info&#038;w=600&#038;ssl=1 600w,https:\/\/i0.wp.com\/repositoriododireito.ufn.edu.br\/wp-content\/uploads\/2026\/04\/resposta-saudavel-15-1-1024x724.jpg?strip=info&#038;w=900&#038;ssl=1 900w,https:\/\/i0.wp.com\/repositoriododireito.ufn.edu.br\/wp-content\/uploads\/2026\/04\/resposta-saudavel-15-1-1024x724.jpg?strip=info&#038;w=1200&#038;ssl=1 1200w,https:\/\/i0.wp.com\/repositoriododireito.ufn.edu.br\/wp-content\/uploads\/2026\/04\/resposta-saudavel-15-1-1024x724.jpg?strip=info&#038;w=1500&#038;ssl=1 1500w,https:\/\/i0.wp.com\/repositoriododireito.ufn.edu.br\/wp-content\/uploads\/2026\/04\/resposta-saudavel-15-1-1024x724.jpg?strip=info&#038;w=1800&#038;ssl=1 1800w,https:\/\/i0.wp.com\/repositoriododireito.ufn.edu.br\/wp-content\/uploads\/2026\/04\/resposta-saudavel-15-1-1024x724.jpg?strip=info&#038;w=2000&#038;ssl=1 2000w\" alt=\"\" data-height=\"1414\" data-id=\"3357\" data-link=\"https:\/\/repositoriododireito.ufn.edu.br\/?attachment_id=3357\" data-url=\"https:\/\/repositoriododireito.ufn.edu.br\/wp-content\/uploads\/2026\/04\/resposta-saudavel-15-1-1024x724.jpg\" data-width=\"2000\" src=\"https:\/\/i0.wp.com\/repositoriododireito.ufn.edu.br\/wp-content\/uploads\/2026\/04\/resposta-saudavel-15-1-1024x724.jpg?ssl=1\" data-amp-layout=\"responsive\"\/><\/figure><\/div><div class=\"tiled-gallery__col\" style=\"flex-basis:33.21890%\"><figure class=\"tiled-gallery__item\"><img decoding=\"async\" srcset=\"https:\/\/i0.wp.com\/repositoriododireito.ufn.edu.br\/wp-content\/uploads\/2026\/04\/reflexoes-10-1024x724.jpg?strip=info&#038;w=600&#038;ssl=1 600w,https:\/\/i0.wp.com\/repositoriododireito.ufn.edu.br\/wp-content\/uploads\/2026\/04\/reflexoes-10-1024x724.jpg?strip=info&#038;w=900&#038;ssl=1 900w,https:\/\/i0.wp.com\/repositoriododireito.ufn.edu.br\/wp-content\/uploads\/2026\/04\/reflexoes-10-1024x724.jpg?strip=info&#038;w=1200&#038;ssl=1 1200w,https:\/\/i0.wp.com\/repositoriododireito.ufn.edu.br\/wp-content\/uploads\/2026\/04\/reflexoes-10-1024x724.jpg?strip=info&#038;w=1500&#038;ssl=1 1500w,https:\/\/i0.wp.com\/repositoriododireito.ufn.edu.br\/wp-content\/uploads\/2026\/04\/reflexoes-10-1024x724.jpg?strip=info&#038;w=1800&#038;ssl=1 1800w,https:\/\/i0.wp.com\/repositoriododireito.ufn.edu.br\/wp-content\/uploads\/2026\/04\/reflexoes-10-1024x724.jpg?strip=info&#038;w=2000&#038;ssl=1 2000w\" alt=\"\" data-height=\"1414\" data-id=\"3356\" data-link=\"https:\/\/repositoriododireito.ufn.edu.br\/?attachment_id=3356\" data-url=\"https:\/\/repositoriododireito.ufn.edu.br\/wp-content\/uploads\/2026\/04\/reflexoes-10-1024x724.jpg\" data-width=\"2000\" src=\"https:\/\/i0.wp.com\/repositoriododireito.ufn.edu.br\/wp-content\/uploads\/2026\/04\/reflexoes-10-1024x724.jpg?ssl=1\" data-amp-layout=\"responsive\"\/><\/figure><figure class=\"tiled-gallery__item\"><img decoding=\"async\" srcset=\"https:\/\/i0.wp.com\/repositoriododireito.ufn.edu.br\/wp-content\/uploads\/2026\/04\/reflexoes-10-1-1024x724.jpg?strip=info&#038;w=600&#038;ssl=1 600w,https:\/\/i0.wp.com\/repositoriododireito.ufn.edu.br\/wp-content\/uploads\/2026\/04\/reflexoes-10-1-1024x724.jpg?strip=info&#038;w=900&#038;ssl=1 900w,https:\/\/i0.wp.com\/repositoriododireito.ufn.edu.br\/wp-content\/uploads\/2026\/04\/reflexoes-10-1-1024x724.jpg?strip=info&#038;w=1200&#038;ssl=1 1200w,https:\/\/i0.wp.com\/repositoriododireito.ufn.edu.br\/wp-content\/uploads\/2026\/04\/reflexoes-10-1-1024x724.jpg?strip=info&#038;w=1500&#038;ssl=1 1500w,https:\/\/i0.wp.com\/repositoriododireito.ufn.edu.br\/wp-content\/uploads\/2026\/04\/reflexoes-10-1-1024x724.jpg?strip=info&#038;w=1800&#038;ssl=1 1800w,https:\/\/i0.wp.com\/repositoriododireito.ufn.edu.br\/wp-content\/uploads\/2026\/04\/reflexoes-10-1-1024x724.jpg?strip=info&#038;w=2000&#038;ssl=1 2000w\" alt=\"\" data-height=\"1414\" data-id=\"3355\" data-link=\"https:\/\/repositoriododireito.ufn.edu.br\/?attachment_id=3355\" data-url=\"https:\/\/repositoriododireito.ufn.edu.br\/wp-content\/uploads\/2026\/04\/reflexoes-10-1-1024x724.jpg\" data-width=\"2000\" src=\"https:\/\/i0.wp.com\/repositoriododireito.ufn.edu.br\/wp-content\/uploads\/2026\/04\/reflexoes-10-1-1024x724.jpg?ssl=1\" data-amp-layout=\"responsive\"\/><\/figure><\/div><\/div><div class=\"tiled-gallery__row\"><div class=\"tiled-gallery__col\" style=\"flex-basis:100.00000%\"><figure class=\"tiled-gallery__item\"><img decoding=\"async\" srcset=\"https:\/\/i0.wp.com\/repositoriododireito.ufn.edu.br\/wp-content\/uploads\/2026\/04\/comportamentos-5-1024x724.jpg?strip=info&#038;w=600&#038;ssl=1 600w,https:\/\/i0.wp.com\/repositoriododireito.ufn.edu.br\/wp-content\/uploads\/2026\/04\/comportamentos-5-1024x724.jpg?strip=info&#038;w=900&#038;ssl=1 900w,https:\/\/i0.wp.com\/repositoriododireito.ufn.edu.br\/wp-content\/uploads\/2026\/04\/comportamentos-5-1024x724.jpg?strip=info&#038;w=1200&#038;ssl=1 1200w,https:\/\/i0.wp.com\/repositoriododireito.ufn.edu.br\/wp-content\/uploads\/2026\/04\/comportamentos-5-1024x724.jpg?strip=info&#038;w=1500&#038;ssl=1 1500w,https:\/\/i0.wp.com\/repositoriododireito.ufn.edu.br\/wp-content\/uploads\/2026\/04\/comportamentos-5-1024x724.jpg?strip=info&#038;w=1800&#038;ssl=1 1800w,https:\/\/i0.wp.com\/repositoriododireito.ufn.edu.br\/wp-content\/uploads\/2026\/04\/comportamentos-5-1024x724.jpg?strip=info&#038;w=2000&#038;ssl=1 2000w\" alt=\"\" data-height=\"1414\" data-id=\"3359\" data-link=\"https:\/\/repositoriododireito.ufn.edu.br\/?attachment_id=3359\" data-url=\"https:\/\/repositoriododireito.ufn.edu.br\/wp-content\/uploads\/2026\/04\/comportamentos-5-1024x724.jpg\" data-width=\"2000\" src=\"https:\/\/i0.wp.com\/repositoriododireito.ufn.edu.br\/wp-content\/uploads\/2026\/04\/comportamentos-5-1024x724.jpg?ssl=1\" data-amp-layout=\"responsive\"\/><\/figure><\/div><\/div><\/div><\/div><\/div>\n","protected":false},"excerpt":{"rendered":"<p>Folder &#8211; O que \u00e9 Overshareting e Brain Rot? Flash Cards &#8211; Vozes em Jogo Instru\u00e7\u00e3o do JogoObjetivo: Reconhecer comportamentos que silenciam mulheres e aprender formas saud\u00e1veis de responder a eles.Como Jogar:1- Embaralhe as cartas de Situa\u00e7\u00e3o e coloque no centro.2- Distribua as cartas de Respostas Saud\u00e1veis e de comportamentos entre os participantes.3- Um jogador&hellip; <a href=\"https:\/\/repositoriododireito.ufn.edu.br\/?page_id=3284\" class=\"more-link\">Continuar lendo <span class=\"screen-reader-text\">Produ\u00e7\u00f5es 2025\/2<\/span><\/a><\/p>\n","protected":false},"author":3,"featured_media":0,"parent":0,"menu_order":0,"comment_status":"closed","ping_status":"closed","template":"","meta":{"footnotes":""},"tags":[],"class_list":["post-3284","page","type-page","status-publish","hentry","without-featured-image"],"jetpack_sharing_enabled":true,"_links":{"self":[{"href":"https:\/\/repositoriododireito.ufn.edu.br\/index.php?rest_route=\/wp\/v2\/pages\/3284","targetHints":{"allow":["GET"]}}],"collection":[{"href":"https:\/\/repositoriododireito.ufn.edu.br\/index.php?rest_route=\/wp\/v2\/pages"}],"about":[{"href":"https:\/\/repositoriododireito.ufn.edu.br\/index.php?rest_route=\/wp\/v2\/types\/page"}],"author":[{"embeddable":true,"href":"https:\/\/repositoriododireito.ufn.edu.br\/index.php?rest_route=\/wp\/v2\/users\/3"}],"replies":[{"embeddable":true,"href":"https:\/\/repositoriododireito.ufn.edu.br\/index.php?rest_route=%2Fwp%2Fv2%2Fcomments&post=3284"}],"version-history":[{"count":7,"href":"https:\/\/repositoriododireito.ufn.edu.br\/index.php?rest_route=\/wp\/v2\/pages\/3284\/revisions"}],"predecessor-version":[{"id":3361,"href":"https:\/\/repositoriododireito.ufn.edu.br\/index.php?rest_route=\/wp\/v2\/pages\/3284\/revisions\/3361"}],"wp:attachment":[{"href":"https:\/\/repositoriododireito.ufn.edu.br\/index.php?rest_route=%2Fwp%2Fv2%2Fmedia&parent=3284"}],"wp:term":[{"taxonomy":"post_tag","embeddable":true,"href":"https:\/\/repositoriododireito.ufn.edu.br\/index.php?rest_route=%2Fwp%2Fv2%2Ftags&post=3284"}],"curies":[{"name":"wp","href":"https:\/\/api.w.org\/{rel}","templated":true}]}}