{"id":3394,"date":"2026-04-24T19:56:14","date_gmt":"2026-04-24T22:56:14","guid":{"rendered":"https:\/\/repositoriododireito.ufn.edu.br\/?page_id=3394"},"modified":"2026-04-30T08:48:36","modified_gmt":"2026-04-30T11:48:36","slug":"costura-social","status":"publish","type":"page","link":"https:\/\/repositoriododireito.ufn.edu.br\/?page_id=3394","title":{"rendered":"Costura Social"},"content":{"rendered":"\n<figure class=\"wp-block-gallery has-nested-images columns-default is-cropped wp-block-gallery-1 is-layout-flex wp-block-gallery-is-layout-flex\">\n<figure class=\"wp-block-image size-large\"><img loading=\"lazy\" decoding=\"async\" width=\"1024\" height=\"379\" data-id=\"3396\" src=\"https:\/\/repositoriododireito.ufn.edu.br\/wp-content\/uploads\/2026\/04\/Design-sem-nome-1024x379.jpg\" alt=\"\" class=\"wp-image-3396\" srcset=\"https:\/\/repositoriododireito.ufn.edu.br\/wp-content\/uploads\/2026\/04\/Design-sem-nome-1024x379.jpg 1024w, https:\/\/repositoriododireito.ufn.edu.br\/wp-content\/uploads\/2026\/04\/Design-sem-nome-300x111.jpg 300w, https:\/\/repositoriododireito.ufn.edu.br\/wp-content\/uploads\/2026\/04\/Design-sem-nome-768x284.jpg 768w, https:\/\/repositoriododireito.ufn.edu.br\/wp-content\/uploads\/2026\/04\/Design-sem-nome.jpg 1350w\" sizes=\"auto, (max-width: 1024px) 100vw, 1024px\" \/><\/figure>\n<\/figure>\n\n\n\n<p>O projeto tem como prop\u00f3sito dar um novo destino a pe\u00e7as de vestu\u00e1rio e objetos apreendidos pela <strong>Receita Federal<\/strong>, compostos por produtos contrafeitos que, na aus\u00eancia de reaproveitamento, seriam encaminhados \u00e0 incinera\u00e7\u00e3o.<br><br>A iniciativa prop\u00f5e a <strong>descaracteriza\u00e7\u00e3o desses itens<\/strong>, aliada \u00e0 sua reciclagem e reutiliza\u00e7\u00e3o, transformando-os em recursos \u00fateis e socialmente relevantes. Para isso, integra os cursos de <strong><em>Design, Design de Moda e Direito<\/em><\/strong>, atuando em duas frentes principais.<br><br>A primeira consiste na <strong>ressignifica\u00e7\u00e3o das pe\u00e7as e objetos<\/strong>, que, ap\u00f3s o processo de adapta\u00e7\u00e3o, ser\u00e3o destinados \u00e0 <strong>popula\u00e7\u00e3o <\/strong>em situa\u00e7\u00e3o de <strong>vulnerabilidade <\/strong>e a institui\u00e7\u00f5es do munic\u00edpio, por meio de a\u00e7\u00f5es realizadas em parceria com a Defesa Civil.<br><br>A segunda frente envolve a utiliza\u00e7\u00e3o de <strong>m\u00e3o de obra prisional<\/strong>, promovendo n\u00e3o apenas a redu\u00e7\u00e3o de pena, conforme previsto em lei, mas tamb\u00e9m a <strong>capacita\u00e7\u00e3o profissional<\/strong> de pessoas privadas de liberdade na<strong> Penitenci\u00e1ria Estadual de Santa Maria<\/strong>, contribuindo para sua reinser\u00e7\u00e3o social.<br><br>Dessa forma, o projeto alia responsabilidade social, sustentabilidade e inclus\u00e3o, transformando o que seria descartado em oportunidade e dignidade.<\/p>\n\n\n\n<p>Acompanhe o Projeto Costura Social no instagram do <a href=\"https:\/\/www.instagram.com\/designufn?igsh=MWsxNXUydzNuMHNtZw==\">Curso de Design<\/a>, <a href=\"https:\/\/www.instagram.com\/modaufn?igsh=MW1lOWU4NmozNWRnMg==\">Curso de Design de Moda<\/a> e <a href=\"https:\/\/www.instagram.com\/ledireitoufn?igsh=OTZsMGJidzlkdDJ4\">Laborat\u00f3rio de Extens\u00e3o do Curso de Direito<\/a>.<\/p>\n\n\n\n<h2 class=\"wp-block-heading\">Panfleto &#8211; Descaminho e Contrabando<\/h2>\n\n\n\n<figure class=\"wp-block-image size-full\"><img loading=\"lazy\" decoding=\"async\" width=\"1241\" height=\"875\" src=\"https:\/\/repositoriododireito.ufn.edu.br\/wp-content\/uploads\/2026\/04\/Materiais-graficos-costura-social_page-0001.jpg\" alt=\"\" class=\"wp-image-3415\"\/><\/figure>\n","protected":false},"excerpt":{"rendered":"<p>O projeto tem como prop\u00f3sito dar um novo destino a pe\u00e7as de vestu\u00e1rio e objetos apreendidos pela Receita Federal, compostos por produtos contrafeitos que, na aus\u00eancia de reaproveitamento, seriam encaminhados \u00e0 incinera\u00e7\u00e3o. A iniciativa prop\u00f5e a descaracteriza\u00e7\u00e3o desses itens, aliada \u00e0 sua reciclagem e reutiliza\u00e7\u00e3o, transformando-os em recursos \u00fateis e socialmente relevantes. Para isso, integra&hellip; <a href=\"https:\/\/repositoriododireito.ufn.edu.br\/?page_id=3394\" class=\"more-link\">Continuar lendo <span class=\"screen-reader-text\">Costura Social<\/span><\/a><\/p>\n","protected":false},"author":3,"featured_media":0,"parent":0,"menu_order":0,"comment_status":"closed","ping_status":"closed","template":"","meta":{"footnotes":""},"tags":[],"class_list":["post-3394","page","type-page","status-publish","hentry","without-featured-image"],"jetpack_sharing_enabled":true,"_links":{"self":[{"href":"https:\/\/repositoriododireito.ufn.edu.br\/index.php?rest_route=\/wp\/v2\/pages\/3394","targetHints":{"allow":["GET"]}}],"collection":[{"href":"https:\/\/repositoriododireito.ufn.edu.br\/index.php?rest_route=\/wp\/v2\/pages"}],"about":[{"href":"https:\/\/repositoriododireito.ufn.edu.br\/index.php?rest_route=\/wp\/v2\/types\/page"}],"author":[{"embeddable":true,"href":"https:\/\/repositoriododireito.ufn.edu.br\/index.php?rest_route=\/wp\/v2\/users\/3"}],"replies":[{"embeddable":true,"href":"https:\/\/repositoriododireito.ufn.edu.br\/index.php?rest_route=%2Fwp%2Fv2%2Fcomments&post=3394"}],"version-history":[{"count":4,"href":"https:\/\/repositoriododireito.ufn.edu.br\/index.php?rest_route=\/wp\/v2\/pages\/3394\/revisions"}],"predecessor-version":[{"id":3418,"href":"https:\/\/repositoriododireito.ufn.edu.br\/index.php?rest_route=\/wp\/v2\/pages\/3394\/revisions\/3418"}],"wp:attachment":[{"href":"https:\/\/repositoriododireito.ufn.edu.br\/index.php?rest_route=%2Fwp%2Fv2%2Fmedia&parent=3394"}],"wp:term":[{"taxonomy":"post_tag","embeddable":true,"href":"https:\/\/repositoriododireito.ufn.edu.br\/index.php?rest_route=%2Fwp%2Fv2%2Ftags&post=3394"}],"curies":[{"name":"wp","href":"https:\/\/api.w.org\/{rel}","templated":true}]}}