{"id":79,"date":"2019-08-07T16:40:35","date_gmt":"2019-08-07T19:40:35","guid":{"rendered":"https:\/\/observatoriododireito.ufn.edu.br\/?page_id=79"},"modified":"2025-12-12T10:29:21","modified_gmt":"2025-12-12T13:29:21","slug":"projetos","status":"publish","type":"page","link":"https:\/\/repositoriododireito.ufn.edu.br\/?page_id=79","title":{"rendered":"Curriculariza\u00e7\u00e3o da Extens\u00e3o"},"content":{"rendered":"\n<p>Nessa aba, voc\u00ea pode verificar as atividades extensionistas por ano de realiza\u00e7\u00e3o.<\/p>\n\n\n\n<figure class=\"wp-block-image size-full is-resized\"><img loading=\"lazy\" decoding=\"async\" width=\"640\" height=\"800\" src=\"https:\/\/repositoriododireito.ufn.edu.br\/wp-content\/uploads\/2025\/12\/Design-sem-nome-1.png\" alt=\"\" class=\"wp-image-3292\" style=\"width:304px;height:auto\" srcset=\"https:\/\/repositoriododireito.ufn.edu.br\/wp-content\/uploads\/2025\/12\/Design-sem-nome-1.png 640w, https:\/\/repositoriododireito.ufn.edu.br\/wp-content\/uploads\/2025\/12\/Design-sem-nome-1-240x300.png 240w\" sizes=\"auto, (max-width: 640px) 100vw, 640px\" \/><\/figure>\n\n\n\n<p><\/p>\n","protected":false},"excerpt":{"rendered":"<p>Nessa aba, voc\u00ea pode verificar as atividades extensionistas por ano de realiza\u00e7\u00e3o.<\/p>\n","protected":false},"author":3,"featured_media":0,"parent":0,"menu_order":0,"comment_status":"closed","ping_status":"closed","template":"","meta":{"footnotes":""},"tags":[],"class_list":["post-79","page","type-page","status-publish","hentry","without-featured-image"],"jetpack_sharing_enabled":true,"_links":{"self":[{"href":"https:\/\/repositoriododireito.ufn.edu.br\/index.php?rest_route=\/wp\/v2\/pages\/79","targetHints":{"allow":["GET"]}}],"collection":[{"href":"https:\/\/repositoriododireito.ufn.edu.br\/index.php?rest_route=\/wp\/v2\/pages"}],"about":[{"href":"https:\/\/repositoriododireito.ufn.edu.br\/index.php?rest_route=\/wp\/v2\/types\/page"}],"author":[{"embeddable":true,"href":"https:\/\/repositoriododireito.ufn.edu.br\/index.php?rest_route=\/wp\/v2\/users\/3"}],"replies":[{"embeddable":true,"href":"https:\/\/repositoriododireito.ufn.edu.br\/index.php?rest_route=%2Fwp%2Fv2%2Fcomments&post=79"}],"version-history":[{"count":112,"href":"https:\/\/repositoriododireito.ufn.edu.br\/index.php?rest_route=\/wp\/v2\/pages\/79\/revisions"}],"predecessor-version":[{"id":3293,"href":"https:\/\/repositoriododireito.ufn.edu.br\/index.php?rest_route=\/wp\/v2\/pages\/79\/revisions\/3293"}],"wp:attachment":[{"href":"https:\/\/repositoriododireito.ufn.edu.br\/index.php?rest_route=%2Fwp%2Fv2%2Fmedia&parent=79"}],"wp:term":[{"taxonomy":"post_tag","embeddable":true,"href":"https:\/\/repositoriododireito.ufn.edu.br\/index.php?rest_route=%2Fwp%2Fv2%2Ftags&post=79"}],"curies":[{"name":"wp","href":"https:\/\/api.w.org\/{rel}","templated":true}]}}