{"id":85,"date":"2019-08-07T16:42:29","date_gmt":"2019-08-07T19:42:29","guid":{"rendered":"https:\/\/observatoriododireito.ufn.edu.br\/?page_id=85"},"modified":"2025-12-01T10:43:50","modified_gmt":"2025-12-01T13:43:50","slug":"o-que-sao-observatorios-de-dh","status":"publish","type":"page","link":"https:\/\/repositoriododireito.ufn.edu.br\/?page_id=85","title":{"rendered":"Dados sobre o projeto"},"content":{"rendered":"\n<p>A Universidade Franciscana, em sistema de colabora\u00e7\u00e3o com Institui\u00e7\u00f5es parceiras, tais como a Universidade Federal de Santa Catarina &#8211; por meio do N\u00facleo de Estudos Sociais e Jur\u00eddicos da Crian\u00e7a e do Adolescente (NEJUSCA) &#8211; o Minist\u00e9rio P\u00fablico da Bahia e Minist\u00e9rio P\u00fablico de Santa Catarina, em esfor\u00e7o coletivo, realizaram atividades em execu\u00e7\u00e3o ao projeto intitulado&nbsp;<strong>Direito \u00e0 sa\u00fade e \u00e0 educa\u00e7\u00e3o de crian\u00e7as e adolescentes em tempos<\/strong>&nbsp;de&nbsp;<strong>pandemia: a atua\u00e7\u00e3o dos entes p\u00fablicos brasileiros na efetiva\u00e7\u00e3o de direitos fundamentais.<\/strong><\/p>\n\n\n\n<p><strong>O referido projeto \u00e9 financiado pelo CNPq, Chamada CNPq\/MCTI\/FNDCT No 18\/2021 \u2013 Faixa A \u2013 Grupos Emergentes. Sua execu\u00e7\u00e3o ocorre de 03\/12\/2021 e ter\u00e1 dura\u00e7\u00e3o de 36 meses.<\/strong><\/p>\n\n\n\n<p><em><strong>Escopo da abordagem:&nbsp;<\/strong><\/em><\/p>\n\n\n\n<p>A pandemia causada pelo Coronav\u00edrus revelou desafios para a prote\u00e7\u00e3o da sa\u00fade e direito \u00e0 educa\u00e7\u00e3o de crian\u00e7as e adolescentes, destinat\u00e1rios de prote\u00e7\u00e3o integral (art. 227, Constitui\u00e7\u00e3o Federal), cujo acesso \u00e0s escolas foi dificultado devido \u00e0 necessidade de proteger a sa\u00fade individual e coletiva. Tal contexto for\u00e7ou a revis\u00e3o das estrat\u00e9gias educativas, com desafios aos direitos fundamentais dos infantes e adolescentes, ampliado no caso das crian\u00e7as com defici\u00eancia.&nbsp;&nbsp;<\/p>\n\n\n\n<p>Este projeto de pesquisa parte desta considera\u00e7\u00e3o para, ap\u00f3s, apresentar a seguinte indaga\u00e7\u00e3o cient\u00edfica: a atua\u00e7\u00e3o dos entes p\u00fablicos brasileiros para conciliar a prote\u00e7\u00e3o \u00e0 sa\u00fade e promo\u00e7\u00e3o da educa\u00e7\u00e3o no per\u00edodo da pandemia evidencia a\u00e7\u00f5es articuladas e que consideraram a prote\u00e7\u00e3o integral de direitos fundamentais de crian\u00e7as e adolescentes, com pol\u00edticas p\u00fablicas direcionadas e tecnologias assistivas ou, ao rev\u00e9s, n\u00e3o consideraram a prioridade absoluta?&nbsp;&nbsp;<\/p>\n\n\n\n<p>A hip\u00f3tese inicial aponta para insufici\u00eancias na atua\u00e7\u00e3o dos respons\u00e1veis por promover a prote\u00e7\u00e3o integral, prevista na Constitui\u00e7\u00e3o Federal e na Lei 8.069\/1990 e sugere que ocorreu, durante a pandemia, a desarticula\u00e7\u00e3o do sistema de garantias, em preju\u00edzo ao pleno desenvolvimento de crian\u00e7as e adolescentes. Outra hip\u00f3tese relaciona-se com o baixo impacto da produ\u00e7\u00e3o doutrin\u00e1ria e aus\u00eancia de pol\u00edticas p\u00fablicas voltadas \u00e0 promo\u00e7\u00e3o da sa\u00fade e educa\u00e7\u00e3o, acesso e uso seguro da internet, bem como aus\u00eancia de divulga\u00e7\u00e3o adequada de tecnologias assistivas.&nbsp;&nbsp;<\/p>\n\n\n\n<p class=\"has-text-align-center\"><strong><em>O projeto conta com os seguintes integrantes:&nbsp;<\/em><\/strong><\/p>\n\n\n\n<p><strong>Rosane Leal da Silva (UFN) \u2013 Coordenadora&nbsp;<\/strong>&nbsp;CV: <a href=\"http:\/\/lattes.cnpq.br\/1218962383221912&nbsp;\">http:\/\/lattes.cnpq.br\/1218962383221912&nbsp;<\/a><\/p>\n\n\n\n<p><strong>Josiane Rose Petry Veronese (UFSC)&nbsp;<\/strong>&nbsp;CV: <a href=\"http:\/\/lattes.cnpq.br\/3761718736777602&nbsp;\">http:\/\/lattes.cnpq.br\/3761718736777602&nbsp;<\/a><\/p>\n\n\n\n<p><strong>Danielle Maria E. dos Santos (Unisul),<\/strong> CV: <a href=\"http:\/\/lattes.cnpq.br\/5350520951842278&nbsp;\">http:\/\/lattes.cnpq.br\/5350520951842278&nbsp;<\/a><\/p>\n\n\n\n<p><strong>Fernanda Figueira Marquezan (UFN):&nbsp;<\/strong>&nbsp;CV:<a href=\"http:\/\/lattes.cnpq.br\/7499349305233492&nbsp;\"> http:\/\/lattes.cnpq.br\/7499349305233492&nbsp;<\/a><\/p>\n\n\n\n<p><strong>Geralda Magella de Faria Rossetto \u2013&nbsp;<\/strong>&nbsp;CV: <a href=\"http:\/\/lattes.cnpq.br\/4370737434277404\" target=\"_blank\" rel=\"noreferrer noopener\">http:\/\/lattes.cnpq.br\/4370737434277404<\/a>&nbsp;<\/p>\n\n\n\n<p><strong>Jaci Rene Costa Garcia (UFN)&nbsp;<\/strong>CV: <a href=\"http:\/\/lattes.cnpq.br\/0476317427421646\" target=\"_blank\" rel=\"noreferrer noopener\">http:\/\/lattes.cnpq.br\/0476317427421646<\/a>&nbsp;<\/p>\n\n\n\n<p><strong>Jo\u00e3o H\u00e9lio Ferreira Pes (UFN)&nbsp;<\/strong>&nbsp;CV: <a href=\"http:\/\/lattes.cnpq.br\/0673678717176006\" target=\"_blank\" rel=\"noreferrer noopener\">http:\/\/lattes.cnpq.br\/0673678717176006<\/a>&nbsp;<\/p>\n\n\n\n<p><strong>Juliane Marschall Morgenstern&nbsp; (UFN)&nbsp;<\/strong>&nbsp;CV: <a href=\"http:\/\/lattes.cnpq.br\/1541706868699880\" target=\"_blank\" rel=\"noreferrer noopener\">http:\/\/lattes.cnpq.br\/1541706868699880<\/a>&nbsp;<\/p>\n\n\n\n<p><strong>Li\u00e9ge Alendes de Souza (UFN)&nbsp;<\/strong>&nbsp;CV: <a href=\"http:\/\/lattes.cnpq.br\/7397440684911100\" target=\"_blank\" rel=\"noreferrer noopener\">http:\/\/lattes.cnpq.br\/7397440684911100<\/a>&nbsp;<\/p>\n\n\n\n<p><strong>Mayra Silveira (MP Santa Catarina)&nbsp;&nbsp;<\/strong>&nbsp;CV: <a href=\"http:\/\/lattes.cnpq.br\/4358394907095569\" target=\"_blank\" rel=\"noreferrer noopener\">http:\/\/lattes.cnpq.br\/4358394907095569<\/a>&nbsp;<\/p>\n\n\n\n<p><strong>Moacir Silva do Nascimento J\u00fanior (MP da Bahia)&nbsp;<\/strong>&nbsp;CV: <a href=\"http:\/\/lattes.cnpq.br\/9896279406563637\" target=\"_blank\" rel=\"noreferrer noopener\">http:\/\/lattes.cnpq.br\/9896279406563637<\/a>&nbsp;<\/p>\n\n\n\n<p><strong>Patrin\u00eas Aparecida Fran\u00e7a Zonatto (UFN)&nbsp;<\/strong>&nbsp;CV: <a href=\"http:\/\/lattes.cnpq.br\/6600499126029952\" target=\"_blank\" rel=\"noreferrer noopener\">http:\/\/lattes.cnpq.br\/6600499126029952<\/a>&nbsp;<\/p>\n\n\n\n<p><strong>Rosane Beatris Mariano da Rocha Barcellos Terra (UFN)&nbsp;<\/strong>&nbsp;CV: <a href=\"http:\/\/lattes.cnpq.br\/2435736433816500\" target=\"_blank\" rel=\"noreferrer noopener\">http:\/\/lattes.cnpq.br\/2435736433816500<\/a>&nbsp;<\/p>\n\n\n\n<p><strong>Carlos Alberto Crispim (Doutorando UFSC)<\/strong>&nbsp;CV <a href=\"http:\/\/lattes.cnpq.br\/1667716739246799&nbsp;\">http:\/\/lattes.cnpq.br\/1667716739246799&nbsp;<\/a><\/p>\n\n\n\n<p><strong>Joana Ribeiro (doutoranda UFSC)&nbsp;<\/strong>&nbsp;CV: <a href=\"http:\/\/lattes.cnpq.br\/6170050977799001\" target=\"_blank\" rel=\"noreferrer noopener\">http:\/\/lattes.cnpq.br\/6170050977799001<\/a>&nbsp;<\/p>\n\n\n\n<p><strong>V\u00edvian De Gann dos Santos (doutoranda UFSC)&nbsp;<\/strong>&nbsp;CV: <a href=\"http:\/\/lattes.cnpq.br\/4119124238241952\" target=\"_blank\" rel=\"noreferrer noopener\">http:\/\/lattes.cnpq.br\/4119124238241952<\/a>&nbsp;<\/p>\n\n\n\n<p><strong>Laura Farencena Dotto (Bolsista de inicia\u00e7\u00e3o cient\u00edfica UFN)<\/strong>&nbsp;<\/p>\n\n\n\n<p><strong>Jo\u00e3o Ant\u00f4nio de Menezes Perobelli (UFN)&nbsp;<\/strong>&nbsp;CV: <a href=\"http:\/\/lattes.cnpq.br\/7239220606185843\" target=\"_blank\" rel=\"noreferrer noopener\">http:\/\/lattes.cnpq.br\/7239220606185843<\/a>&nbsp;<\/p>\n\n\n\n<p><strong>Izadora Dur\u00e3o Rossi (bolsista Probic UFN)<\/strong>&nbsp;<\/p>\n\n\n\n<p>Volunt\u00e1rios:&nbsp;&nbsp;<\/p>\n\n\n\n<p><strong>Ana Carolina Sassi \u2013 egressa UFN e mestranda UFSM<\/strong>&nbsp;<\/p>\n\n\n\n<p><strong>Nicollas Guerin Leal<\/strong>&nbsp;<\/p>\n\n\n\n<figure class=\"wp-block-image size-full\"><img loading=\"lazy\" decoding=\"async\" width=\"354\" height=\"149\" src=\"https:\/\/repositoriododireito.ufn.edu.br\/wp-content\/uploads\/2025\/02\/Imagem-CNPQ.jpg\" alt=\"\" class=\"wp-image-2657\" srcset=\"https:\/\/repositoriododireito.ufn.edu.br\/wp-content\/uploads\/2025\/02\/Imagem-CNPQ.jpg 354w, https:\/\/repositoriododireito.ufn.edu.br\/wp-content\/uploads\/2025\/02\/Imagem-CNPQ-300x126.jpg 300w\" sizes=\"auto, (max-width: 354px) 100vw, 354px\" \/><\/figure>\n","protected":false},"excerpt":{"rendered":"<p>A Universidade Franciscana, em sistema de colabora\u00e7\u00e3o com Institui\u00e7\u00f5es parceiras, tais como a Universidade Federal de Santa Catarina &#8211; por meio do N\u00facleo de Estudos Sociais e Jur\u00eddicos da Crian\u00e7a e do Adolescente (NEJUSCA) &#8211; o Minist\u00e9rio P\u00fablico da Bahia e Minist\u00e9rio P\u00fablico de Santa Catarina, em esfor\u00e7o coletivo, realizaram atividades em execu\u00e7\u00e3o ao projeto&hellip; <a href=\"https:\/\/repositoriododireito.ufn.edu.br\/?page_id=85\" class=\"more-link\">Continuar lendo <span class=\"screen-reader-text\">Dados sobre o projeto<\/span><\/a><\/p>\n","protected":false},"author":3,"featured_media":0,"parent":0,"menu_order":0,"comment_status":"closed","ping_status":"closed","template":"","meta":{"footnotes":""},"tags":[],"class_list":["post-85","page","type-page","status-publish","hentry","without-featured-image"],"jetpack_sharing_enabled":true,"_links":{"self":[{"href":"https:\/\/repositoriododireito.ufn.edu.br\/index.php?rest_route=\/wp\/v2\/pages\/85","targetHints":{"allow":["GET"]}}],"collection":[{"href":"https:\/\/repositoriododireito.ufn.edu.br\/index.php?rest_route=\/wp\/v2\/pages"}],"about":[{"href":"https:\/\/repositoriododireito.ufn.edu.br\/index.php?rest_route=\/wp\/v2\/types\/page"}],"author":[{"embeddable":true,"href":"https:\/\/repositoriododireito.ufn.edu.br\/index.php?rest_route=\/wp\/v2\/users\/3"}],"replies":[{"embeddable":true,"href":"https:\/\/repositoriododireito.ufn.edu.br\/index.php?rest_route=%2Fwp%2Fv2%2Fcomments&post=85"}],"version-history":[{"count":8,"href":"https:\/\/repositoriododireito.ufn.edu.br\/index.php?rest_route=\/wp\/v2\/pages\/85\/revisions"}],"predecessor-version":[{"id":2781,"href":"https:\/\/repositoriododireito.ufn.edu.br\/index.php?rest_route=\/wp\/v2\/pages\/85\/revisions\/2781"}],"wp:attachment":[{"href":"https:\/\/repositoriododireito.ufn.edu.br\/index.php?rest_route=%2Fwp%2Fv2%2Fmedia&parent=85"}],"wp:term":[{"taxonomy":"post_tag","embeddable":true,"href":"https:\/\/repositoriododireito.ufn.edu.br\/index.php?rest_route=%2Fwp%2Fv2%2Ftags&post=85"}],"curies":[{"name":"wp","href":"https:\/\/api.w.org\/{rel}","templated":true}]}}